{"id":478,"date":"2025-02-11T15:47:51","date_gmt":"2025-02-11T15:47:51","guid":{"rendered":"https:\/\/alhambramosaic.com\/?page_id=478"},"modified":"2026-03-16T17:22:07","modified_gmt":"2026-03-16T17:22:07","slug":"workshops","status":"publish","type":"page","link":"https:\/\/alhambramosaic.com\/es\/workshops\/","title":{"rendered":"Talleres"},"content":{"rendered":"<div data-elementor-type=\"wp-page\" data-elementor-id=\"478\" class=\"elementor elementor-478\">\n\t\t\t\t<div class=\"elementor-element elementor-element-5121c4b e-con-full e-flex e-con e-parent\" data-id=\"5121c4b\" data-element_type=\"container\" data-e-type=\"container\">\n\t\t<div class=\"elementor-element elementor-element-82716a5 e-con-full e-flex e-con e-child\" data-id=\"82716a5\" data-element_type=\"container\" data-e-type=\"container\" data-settings=\"{&quot;background_background&quot;:&quot;classic&quot;}\">\n\t\t\t\t<div class=\"elementor-element elementor-element-cda0941 elementor-widget elementor-widget-heading\" data-id=\"cda0941\" data-element_type=\"widget\" data-e-type=\"widget\" data-widget_type=\"heading.default\">\n\t\t\t\t<div class=\"elementor-widget-container\">\n\t\t\t\t\t<h1 class=\"elementor-heading-title elementor-size-default\">Talleres de mosaico en Barcelona<\/h1>\t\t\t\t<\/div>\n\t\t\t\t<\/div>\n\t\t\t\t<\/div>\n\t\t<div class=\"elementor-element elementor-element-b14765e e-flex e-con-boxed e-con e-child\" data-id=\"b14765e\" data-element_type=\"container\" data-e-type=\"container\">\n\t\t\t\t\t<div class=\"e-con-inner\">\n\t\t\t\t<div class=\"elementor-element elementor-element-827c1a8 elementor-widget elementor-widget-text-editor\" data-id=\"827c1a8\" data-element_type=\"widget\" data-e-type=\"widget\" data-widget_type=\"text-editor.default\">\n\t\t\t\t<div class=\"elementor-widget-container\">\n\t\t\t\t\t\t\t\t\t<p><span style=\"font-size: 14pt;\"><span style=\"color: #000000; font-family: avenir-next;\">Ofrecemos talleres de mosaico <\/span><strong style=\"color: #000000; font-family: avenir-next;\">every Wednesday, 18:30-21:00 <\/strong><span style=\"color: #000000; font-family: avenir-next;\">at our studio in MAUI Beach Coworking, Carrer Perell\u00f3 74, Barcelona. Learn to make geometric mosaics from just \u20ac32!<\/span><\/span><\/p><p><span style=\"font-size: 14pt;\">Este es el \u00fanico taller de este tipo en Barcelona: \u00a1una oportunidad \u00fanica para ensamblar tus propios mosaicos geom\u00e9tricos a partir de azulejos individuales!<\/span><\/p><p><span style=\"font-size: 14pt;\">Ofrecemos una variedad de proyectos para que puedas comenzar y mejorar tus conocimientos y habilidades. Para principiantes, recomendamos el taller de Posavasos. Para aquellos que buscan avanzar en sus habilidades, recomendamos inscribirse en la serie de talleres de nivel Intermedio (3 semanas) para crear una bandeja o espejo con azulejos de mosaico.<\/span><\/p><p><span style=\"font-size: 14pt;\">Una vez que te sientas seguro con la pr\u00e1ctica, \u00a1puedes venir a nuestros talleres para crear lo que quieras! Siempre estaremos disponibles para ofrecerte orientaci\u00f3n y asesorarte en tu pr\u00f3ximo proyecto.<\/span><\/p><p><span style=\"font-size: 14pt;\">Comienza seleccionando tu taller a continuaci\u00f3n:<\/span><\/p>\t\t\t\t\t\t\t\t<\/div>\n\t\t\t\t<\/div>\n\t\t\t\t\t<\/div>\n\t\t\t\t<\/div>\n\t\t\t\t<\/div>\n\t\t<div class=\"elementor-element elementor-element-7a1f3bb e-flex e-con-boxed e-con e-child\" data-id=\"7a1f3bb\" data-element_type=\"container\" data-e-type=\"container\">\n\t\t\t\t\t<div class=\"e-con-inner\">\n\t\t<div class=\"elementor-element elementor-element-800a6f6 e-con-full e-flex e-con e-child\" data-id=\"800a6f6\" data-element_type=\"container\" data-e-type=\"container\">\n\t\t\t\t<div class=\"elementor-element elementor-element-d38bea5 elementor-widget elementor-widget-image\" data-id=\"d38bea5\" data-element_type=\"widget\" data-e-type=\"widget\" data-widget_type=\"image.default\">\n\t\t\t\t<div class=\"elementor-widget-container\">\n\t\t\t\t\t\t\t\t\t\t\t\t\t\t\t<img fetchpriority=\"high\" decoding=\"async\" width=\"800\" height=\"600\" src=\"https:\/\/alhambramosaic.com\/wp-content\/uploads\/2025\/04\/mosaic_gallery_pic_4b.jpg\" class=\"attachment-large size-large wp-image-997\" alt=\"\" srcset=\"https:\/\/alhambramosaic.com\/wp-content\/uploads\/2025\/04\/mosaic_gallery_pic_4b.jpg 800w, https:\/\/alhambramosaic.com\/wp-content\/uploads\/2025\/04\/mosaic_gallery_pic_4b-300x225.jpg 300w, https:\/\/alhambramosaic.com\/wp-content\/uploads\/2025\/04\/mosaic_gallery_pic_4b-768x576.jpg 768w, https:\/\/alhambramosaic.com\/wp-content\/uploads\/2025\/04\/mosaic_gallery_pic_4b-600x450.jpg 600w\" sizes=\"(max-width: 800px) 100vw, 800px\" \/>\t\t\t\t\t\t\t\t\t\t\t\t\t\t\t<\/div>\n\t\t\t\t<\/div>\n\t\t\t\t<div class=\"elementor-element elementor-element-a2782be elementor-widget elementor-widget-heading\" data-id=\"a2782be\" data-element_type=\"widget\" data-e-type=\"widget\" data-widget_type=\"heading.default\">\n\t\t\t\t<div class=\"elementor-widget-container\">\n\t\t\t\t\t<h4 class=\"elementor-heading-title elementor-size-default\">Coaster set | \u20ac32-42<\/h4>\t\t\t\t<\/div>\n\t\t\t\t<\/div>\n\t\t\t\t<div class=\"elementor-element elementor-element-0f8160f elementor-widget elementor-widget-text-editor\" data-id=\"0f8160f\" data-element_type=\"widget\" data-e-type=\"widget\" data-widget_type=\"text-editor.default\">\n\t\t\t\t<div class=\"elementor-widget-container\">\n\t\t\t\t\t\t\t\t\t<p><span style=\"font-family: avenir-next; color: #000000;\">\u00a1Monta y pinta un posavasos o un set de dos posavasos para llevar a casa!<\/span><\/p><p><span style=\"font-family: avenir-next; color: #000000;\"><strong>Ideal para principantes<\/strong>, este taller de 2 horas y media te ense\u00f1a los fundamentos de la creaci\u00f3n de mosaicos geom\u00e9tricos.<\/span><\/p>\t\t\t\t\t\t\t\t<\/div>\n\t\t\t\t<\/div>\n\t\t\t\t<div class=\"elementor-element elementor-element-06ff575 elementor-align-right elementor-widget elementor-widget-button\" data-id=\"06ff575\" data-element_type=\"widget\" data-e-type=\"widget\" data-widget_type=\"button.default\">\n\t\t\t\t<div class=\"elementor-widget-container\">\n\t\t\t\t\t\t\t\t\t<div class=\"elementor-button-wrapper\">\n\t\t\t\t\t<a class=\"elementor-button elementor-button-link elementor-size-sm\" href=\"https:\/\/alhambramosaic.com\/es\/producto\/mosaic-workshop-coaster\/\">\n\t\t\t\t\t\t<span class=\"elementor-button-content-wrapper\">\n\t\t\t\t\t\t\t\t\t<span class=\"elementor-button-text\">Reserva ahora<\/span>\n\t\t\t\t\t<\/span>\n\t\t\t\t\t<\/a>\n\t\t\t\t<\/div>\n\t\t\t\t\t\t\t\t<\/div>\n\t\t\t\t<\/div>\n\t\t\t\t<\/div>\n\t\t<div class=\"elementor-element elementor-element-ea588fc e-con-full e-flex e-con e-child\" data-id=\"ea588fc\" data-element_type=\"container\" data-e-type=\"container\">\n\t\t\t\t<div class=\"elementor-element elementor-element-7e6e372 elementor-widget elementor-widget-image\" data-id=\"7e6e372\" data-element_type=\"widget\" data-e-type=\"widget\" data-widget_type=\"image.default\">\n\t\t\t\t<div class=\"elementor-widget-container\">\n\t\t\t\t\t\t\t\t\t\t\t\t\t\t\t<img decoding=\"async\" width=\"800\" height=\"600\" src=\"https:\/\/alhambramosaic.com\/wp-content\/uploads\/2025\/04\/home_page_workshop_2b.jpg\" class=\"attachment-large size-large wp-image-1086\" alt=\"\" srcset=\"https:\/\/alhambramosaic.com\/wp-content\/uploads\/2025\/04\/home_page_workshop_2b.jpg 800w, https:\/\/alhambramosaic.com\/wp-content\/uploads\/2025\/04\/home_page_workshop_2b-300x225.jpg 300w, https:\/\/alhambramosaic.com\/wp-content\/uploads\/2025\/04\/home_page_workshop_2b-768x576.jpg 768w, https:\/\/alhambramosaic.com\/wp-content\/uploads\/2025\/04\/home_page_workshop_2b-600x450.jpg 600w\" sizes=\"(max-width: 800px) 100vw, 800px\" \/>\t\t\t\t\t\t\t\t\t\t\t\t\t\t\t<\/div>\n\t\t\t\t<\/div>\n\t\t\t\t<div class=\"elementor-element elementor-element-f52fa8c elementor-widget elementor-widget-heading\" data-id=\"f52fa8c\" data-element_type=\"widget\" data-e-type=\"widget\" data-widget_type=\"heading.default\">\n\t\t\t\t<div class=\"elementor-widget-container\">\n\t\t\t\t\t<h4 class=\"elementor-heading-title elementor-size-default\">Bandeja o espejo | 80\u20ac<\/h4>\t\t\t\t<\/div>\n\t\t\t\t<\/div>\n\t\t\t\t<div class=\"elementor-element elementor-element-8645b21 elementor-widget elementor-widget-text-editor\" data-id=\"8645b21\" data-element_type=\"widget\" data-e-type=\"widget\" data-widget_type=\"text-editor.default\">\n\t\t\t\t<div class=\"elementor-widget-container\">\n\t\t\t\t\t\t\t\t\t<p class=\"translation-block\"><span style=\"font-family: avenir-next;color: #ffffff\">Un proyecto de <strong>3 semanas<\/strong>\u00a0para hacer una bandeja o espejo para tu casa.<\/span><\/p><p><span style=\"font-family: avenir-next; color: #000000;\"><strong>Este proyecto intermedio<\/strong> es ideal para quienes desean profundizar y explorar patrones de mosaico m\u00e1s complejos.<\/span><\/p>\t\t\t\t\t\t\t\t<\/div>\n\t\t\t\t<\/div>\n\t\t\t\t<div class=\"elementor-element elementor-element-4142f46 elementor-align-right elementor-widget elementor-widget-button\" data-id=\"4142f46\" data-element_type=\"widget\" data-e-type=\"widget\" data-widget_type=\"button.default\">\n\t\t\t\t<div class=\"elementor-widget-container\">\n\t\t\t\t\t\t\t\t\t<div class=\"elementor-button-wrapper\">\n\t\t\t\t\t<a class=\"elementor-button elementor-button-link elementor-size-sm\" href=\"https:\/\/alhambramosaic.com\/es\/producto\/workshop-tray-mirror\/\">\n\t\t\t\t\t\t<span class=\"elementor-button-content-wrapper\">\n\t\t\t\t\t\t\t\t\t<span class=\"elementor-button-text\">Reserva ahora<\/span>\n\t\t\t\t\t<\/span>\n\t\t\t\t\t<\/a>\n\t\t\t\t<\/div>\n\t\t\t\t\t\t\t\t<\/div>\n\t\t\t\t<\/div>\n\t\t\t\t<\/div>\n\t\t<div class=\"elementor-element elementor-element-609b7f4 e-con-full e-flex e-con e-child\" data-id=\"609b7f4\" data-element_type=\"container\" data-e-type=\"container\">\n\t\t\t\t<div class=\"elementor-element elementor-element-0f8a0e5 elementor-widget elementor-widget-image\" data-id=\"0f8a0e5\" data-element_type=\"widget\" data-e-type=\"widget\" data-widget_type=\"image.default\">\n\t\t\t\t<div class=\"elementor-widget-container\">\n\t\t\t\t\t\t\t\t\t\t\t\t\t\t\t<img decoding=\"async\" width=\"800\" height=\"600\" src=\"https:\/\/alhambramosaic.com\/wp-content\/uploads\/2025\/04\/home_page_workshop_4-1.jpg\" class=\"attachment-large size-large wp-image-1029\" alt=\"\" srcset=\"https:\/\/alhambramosaic.com\/wp-content\/uploads\/2025\/04\/home_page_workshop_4-1.jpg 800w, https:\/\/alhambramosaic.com\/wp-content\/uploads\/2025\/04\/home_page_workshop_4-1-300x225.jpg 300w, https:\/\/alhambramosaic.com\/wp-content\/uploads\/2025\/04\/home_page_workshop_4-1-768x576.jpg 768w, https:\/\/alhambramosaic.com\/wp-content\/uploads\/2025\/04\/home_page_workshop_4-1-600x450.jpg 600w\" sizes=\"(max-width: 800px) 100vw, 800px\" \/>\t\t\t\t\t\t\t\t\t\t\t\t\t\t\t<\/div>\n\t\t\t\t<\/div>\n\t\t\t\t<div class=\"elementor-element elementor-element-4dbd6e4 elementor-widget elementor-widget-heading\" data-id=\"4dbd6e4\" data-element_type=\"widget\" data-e-type=\"widget\" data-widget_type=\"heading.default\">\n\t\t\t\t<div class=\"elementor-widget-container\">\n\t\t\t\t\t<h4 class=\"elementor-heading-title elementor-size-default\">Pack de talleres (4 clases)<\/h4>\t\t\t\t<\/div>\n\t\t\t\t<\/div>\n\t\t\t\t<div class=\"elementor-element elementor-element-a7be15c elementor-widget elementor-widget-text-editor\" data-id=\"a7be15c\" data-element_type=\"widget\" data-e-type=\"widget\" data-widget_type=\"text-editor.default\">\n\t\t\t\t<div class=\"elementor-widget-container\">\n\t\t\t\t\t\t\t\t\t<p><span style=\"font-family: avenir-next;\">Ahorra en los costos de las clases comprando este paquete (\u20ac25 por clase).\u00a0<\/span><\/p><p><span style=\"text-align: var(--text-align); color: var(--contrast);\">Esto es ideal para ti si quieres venir a trabajar en tus propios proyectos, utilizando toda la variedad de azulejos y pinturas en nuestro taller.<\/span><\/p>\t\t\t\t\t\t\t\t<\/div>\n\t\t\t\t<\/div>\n\t\t\t\t<div class=\"elementor-element elementor-element-7972861 elementor-align-right elementor-widget elementor-widget-button\" data-id=\"7972861\" data-element_type=\"widget\" data-e-type=\"widget\" data-widget_type=\"button.default\">\n\t\t\t\t<div class=\"elementor-widget-container\">\n\t\t\t\t\t\t\t\t\t<div class=\"elementor-button-wrapper\">\n\t\t\t\t\t<a class=\"elementor-button elementor-button-link elementor-size-sm\" href=\"https:\/\/alhambramosaic.com\/es\/producto\/workshop-tray-mirror\/\">\n\t\t\t\t\t\t<span class=\"elementor-button-content-wrapper\">\n\t\t\t\t\t\t\t\t\t<span class=\"elementor-button-text\">Reserva ahora<\/span>\n\t\t\t\t\t<\/span>\n\t\t\t\t\t<\/a>\n\t\t\t\t<\/div>\n\t\t\t\t\t\t\t\t<\/div>\n\t\t\t\t<\/div>\n\t\t\t\t<\/div>\n\t\t\t\t\t<\/div>\n\t\t\t\t<\/div>\n\t\t\t\t<\/div>","protected":false},"excerpt":{"rendered":"<p>Mosaic workshops in Barcelona We offer mosaic workshops every Wednesday, 18:30-21:00 at our studio in MAUI Beach Coworking, Carrer Perell\u00f3 74, Barcelona. Learn to make geometric mosaics from just \u20ac32! This is the only workshop of its kind in Barcelona: a unique chance to assemble your own geometric mosaics from individual tiles! We provide a &#8230; <a title=\"Talleres\" class=\"read-more\" href=\"https:\/\/alhambramosaic.com\/es\/workshops\/\" aria-label=\"Leer m\u00e1s sobre Workshops\">Leer m\u00e1s<\/a><\/p>","protected":false},"author":1,"featured_media":0,"parent":0,"menu_order":0,"comment_status":"closed","ping_status":"closed","template":"elementor_header_footer","meta":{"nf_dc_page":"","ngg_post_thumbnail":0,"footnotes":""},"class_list":["post-478","page","type-page","status-publish"],"yoast_head":"<!-- This site is optimized with the Yoast SEO plugin v27.4 - https:\/\/yoast.com\/product\/yoast-seo-wordpress\/ -->\n<title>Workshops - Alhambra Mosaic Studio<\/title>\n<meta name=\"robots\" content=\"index, follow, max-snippet:-1, max-image-preview:large, max-video-preview:-1\" \/>\n<link rel=\"canonical\" href=\"https:\/\/alhambramosaic.com\/es\/workshops\/\" \/>\n<meta property=\"og:locale\" content=\"es_ES\" \/>\n<meta property=\"og:type\" content=\"article\" \/>\n<meta property=\"og:title\" content=\"Workshops - Alhambra Mosaic Studio\" \/>\n<meta property=\"og:description\" content=\"Mosaic workshops in Barcelona We offer mosaic workshops every Wednesday, 18:30-21:00 at our studio in MAUI Beach Coworking, Carrer Perell\u00f3 74, Barcelona. Learn to make geometric mosaics from just \u20ac32! This is the only workshop of its kind in Barcelona: a unique chance to assemble your own geometric mosaics from individual tiles! We provide a ... Leer m\u00e1s\" \/>\n<meta property=\"og:url\" content=\"https:\/\/alhambramosaic.com\/es\/workshops\/\" \/>\n<meta property=\"og:site_name\" content=\"Alhambra Mosaic Studio\" \/>\n<meta property=\"article:modified_time\" content=\"2026-03-16T17:22:07+00:00\" \/>\n<meta property=\"og:image\" content=\"https:\/\/alhambramosaic.com\/wp-content\/uploads\/2025\/04\/mosaic_gallery_pic_4b.jpg\" \/>\n\t<meta property=\"og:image:width\" content=\"800\" \/>\n\t<meta property=\"og:image:height\" content=\"600\" \/>\n\t<meta property=\"og:image:type\" content=\"image\/jpeg\" \/>\n<meta name=\"twitter:card\" content=\"summary_large_image\" \/>\n<meta name=\"twitter:label1\" content=\"Tiempo de lectura\" \/>\n\t<meta name=\"twitter:data1\" content=\"2 minutos\" \/>\n<script type=\"application\/ld+json\" class=\"yoast-schema-graph\">{\"@context\":\"https:\\\/\\\/schema.org\",\"@graph\":[{\"@type\":\"WebPage\",\"@id\":\"https:\\\/\\\/alhambramosaic.com\\\/workshops\\\/\",\"url\":\"https:\\\/\\\/alhambramosaic.com\\\/workshops\\\/\",\"name\":\"Workshops - Alhambra Mosaic Studio\",\"isPartOf\":{\"@id\":\"https:\\\/\\\/alhambramosaic.com\\\/#website\"},\"primaryImageOfPage\":{\"@id\":\"https:\\\/\\\/alhambramosaic.com\\\/workshops\\\/#primaryimage\"},\"image\":{\"@id\":\"https:\\\/\\\/alhambramosaic.com\\\/workshops\\\/#primaryimage\"},\"thumbnailUrl\":\"https:\\\/\\\/alhambramosaic.com\\\/wp-content\\\/uploads\\\/2025\\\/04\\\/mosaic_gallery_pic_4b.jpg\",\"datePublished\":\"2025-02-11T15:47:51+00:00\",\"dateModified\":\"2026-03-16T17:22:07+00:00\",\"breadcrumb\":{\"@id\":\"https:\\\/\\\/alhambramosaic.com\\\/workshops\\\/#breadcrumb\"},\"inLanguage\":\"es\",\"potentialAction\":[{\"@type\":\"ReadAction\",\"target\":[\"https:\\\/\\\/alhambramosaic.com\\\/workshops\\\/\"]}]},{\"@type\":\"ImageObject\",\"inLanguage\":\"es\",\"@id\":\"https:\\\/\\\/alhambramosaic.com\\\/workshops\\\/#primaryimage\",\"url\":\"https:\\\/\\\/alhambramosaic.com\\\/wp-content\\\/uploads\\\/2025\\\/04\\\/mosaic_gallery_pic_4b.jpg\",\"contentUrl\":\"https:\\\/\\\/alhambramosaic.com\\\/wp-content\\\/uploads\\\/2025\\\/04\\\/mosaic_gallery_pic_4b.jpg\"},{\"@type\":\"BreadcrumbList\",\"@id\":\"https:\\\/\\\/alhambramosaic.com\\\/workshops\\\/#breadcrumb\",\"itemListElement\":[{\"@type\":\"ListItem\",\"position\":1,\"name\":\"Home\",\"item\":\"https:\\\/\\\/alhambramosaic.com\\\/\"},{\"@type\":\"ListItem\",\"position\":2,\"name\":\"Workshops\"}]},{\"@type\":\"WebSite\",\"@id\":\"https:\\\/\\\/alhambramosaic.com\\\/#website\",\"url\":\"https:\\\/\\\/alhambramosaic.com\\\/\",\"name\":\"Alhambra Mosaic Studio\",\"description\":\"Make your masterpiece\",\"publisher\":{\"@id\":\"https:\\\/\\\/alhambramosaic.com\\\/#organization\"},\"potentialAction\":[{\"@type\":\"SearchAction\",\"target\":{\"@type\":\"EntryPoint\",\"urlTemplate\":\"https:\\\/\\\/alhambramosaic.com\\\/?s={search_term_string}\"},\"query-input\":{\"@type\":\"PropertyValueSpecification\",\"valueRequired\":true,\"valueName\":\"search_term_string\"}}],\"inLanguage\":\"es\"},{\"@type\":\"Organization\",\"@id\":\"https:\\\/\\\/alhambramosaic.com\\\/#organization\",\"name\":\"Alhambra Mosaic Studio\",\"url\":\"https:\\\/\\\/alhambramosaic.com\\\/\",\"logo\":{\"@type\":\"ImageObject\",\"inLanguage\":\"es\",\"@id\":\"https:\\\/\\\/alhambramosaic.com\\\/#\\\/schema\\\/logo\\\/image\\\/\",\"url\":\"https:\\\/\\\/alhambramosaic.com\\\/wp-content\\\/uploads\\\/2025\\\/01\\\/alhambramosaicstudio.png\",\"contentUrl\":\"https:\\\/\\\/alhambramosaic.com\\\/wp-content\\\/uploads\\\/2025\\\/01\\\/alhambramosaicstudio.png\",\"width\":1000,\"height\":652,\"caption\":\"Alhambra Mosaic Studio\"},\"image\":{\"@id\":\"https:\\\/\\\/alhambramosaic.com\\\/#\\\/schema\\\/logo\\\/image\\\/\"}}]}<\/script>\n<!-- \/ Yoast SEO plugin. -->","yoast_head_json":{"title":"Workshops - Alhambra Mosaic Studio","robots":{"index":"index","follow":"follow","max-snippet":"max-snippet:-1","max-image-preview":"max-image-preview:large","max-video-preview":"max-video-preview:-1"},"canonical":"https:\/\/alhambramosaic.com\/es\/workshops\/","og_locale":"es_ES","og_type":"article","og_title":"Workshops - Alhambra Mosaic Studio","og_description":"Mosaic workshops in Barcelona We offer mosaic workshops every Wednesday, 18:30-21:00 at our studio in MAUI Beach Coworking, Carrer Perell\u00f3 74, Barcelona. Learn to make geometric mosaics from just \u20ac32! This is the only workshop of its kind in Barcelona: a unique chance to assemble your own geometric mosaics from individual tiles! We provide a ... Leer m\u00e1s","og_url":"https:\/\/alhambramosaic.com\/es\/workshops\/","og_site_name":"Alhambra Mosaic Studio","article_modified_time":"2026-03-16T17:22:07+00:00","og_image":[{"width":800,"height":600,"url":"https:\/\/alhambramosaic.com\/wp-content\/uploads\/2025\/04\/mosaic_gallery_pic_4b.jpg","type":"image\/jpeg"}],"twitter_card":"summary_large_image","twitter_misc":{"Tiempo de lectura":"2 minutos"},"schema":{"@context":"https:\/\/schema.org","@graph":[{"@type":"WebPage","@id":"https:\/\/alhambramosaic.com\/workshops\/","url":"https:\/\/alhambramosaic.com\/workshops\/","name":"Workshops - Alhambra Mosaic Studio","isPartOf":{"@id":"https:\/\/alhambramosaic.com\/#website"},"primaryImageOfPage":{"@id":"https:\/\/alhambramosaic.com\/workshops\/#primaryimage"},"image":{"@id":"https:\/\/alhambramosaic.com\/workshops\/#primaryimage"},"thumbnailUrl":"https:\/\/alhambramosaic.com\/wp-content\/uploads\/2025\/04\/mosaic_gallery_pic_4b.jpg","datePublished":"2025-02-11T15:47:51+00:00","dateModified":"2026-03-16T17:22:07+00:00","breadcrumb":{"@id":"https:\/\/alhambramosaic.com\/workshops\/#breadcrumb"},"inLanguage":"es","potentialAction":[{"@type":"ReadAction","target":["https:\/\/alhambramosaic.com\/workshops\/"]}]},{"@type":"ImageObject","inLanguage":"es","@id":"https:\/\/alhambramosaic.com\/workshops\/#primaryimage","url":"https:\/\/alhambramosaic.com\/wp-content\/uploads\/2025\/04\/mosaic_gallery_pic_4b.jpg","contentUrl":"https:\/\/alhambramosaic.com\/wp-content\/uploads\/2025\/04\/mosaic_gallery_pic_4b.jpg"},{"@type":"BreadcrumbList","@id":"https:\/\/alhambramosaic.com\/workshops\/#breadcrumb","itemListElement":[{"@type":"ListItem","position":1,"name":"Home","item":"https:\/\/alhambramosaic.com\/"},{"@type":"ListItem","position":2,"name":"Workshops"}]},{"@type":"WebSite","@id":"https:\/\/alhambramosaic.com\/#website","url":"https:\/\/alhambramosaic.com\/","name":"Alhambra Mosaic Studio","description":"Make your masterpiece","publisher":{"@id":"https:\/\/alhambramosaic.com\/#organization"},"potentialAction":[{"@type":"SearchAction","target":{"@type":"EntryPoint","urlTemplate":"https:\/\/alhambramosaic.com\/?s={search_term_string}"},"query-input":{"@type":"PropertyValueSpecification","valueRequired":true,"valueName":"search_term_string"}}],"inLanguage":"es"},{"@type":"Organization","@id":"https:\/\/alhambramosaic.com\/#organization","name":"Alhambra Mosaic Studio","url":"https:\/\/alhambramosaic.com\/","logo":{"@type":"ImageObject","inLanguage":"es","@id":"https:\/\/alhambramosaic.com\/#\/schema\/logo\/image\/","url":"https:\/\/alhambramosaic.com\/wp-content\/uploads\/2025\/01\/alhambramosaicstudio.png","contentUrl":"https:\/\/alhambramosaic.com\/wp-content\/uploads\/2025\/01\/alhambramosaicstudio.png","width":1000,"height":652,"caption":"Alhambra Mosaic Studio"},"image":{"@id":"https:\/\/alhambramosaic.com\/#\/schema\/logo\/image\/"}}]}},"_links":{"self":[{"href":"https:\/\/alhambramosaic.com\/es\/wp-json\/wp\/v2\/pages\/478","targetHints":{"allow":["GET"]}}],"collection":[{"href":"https:\/\/alhambramosaic.com\/es\/wp-json\/wp\/v2\/pages"}],"about":[{"href":"https:\/\/alhambramosaic.com\/es\/wp-json\/wp\/v2\/types\/page"}],"author":[{"embeddable":true,"href":"https:\/\/alhambramosaic.com\/es\/wp-json\/wp\/v2\/users\/1"}],"replies":[{"embeddable":true,"href":"https:\/\/alhambramosaic.com\/es\/wp-json\/wp\/v2\/comments?post=478"}],"version-history":[{"count":20,"href":"https:\/\/alhambramosaic.com\/es\/wp-json\/wp\/v2\/pages\/478\/revisions"}],"predecessor-version":[{"id":3055,"href":"https:\/\/alhambramosaic.com\/es\/wp-json\/wp\/v2\/pages\/478\/revisions\/3055"}],"wp:attachment":[{"href":"https:\/\/alhambramosaic.com\/es\/wp-json\/wp\/v2\/media?parent=478"}],"curies":[{"name":"wp","href":"https:\/\/api.w.org\/{rel}","templated":true}]}}