{"id":1091,"date":"2025-04-15T15:43:21","date_gmt":"2025-04-15T15:43:21","guid":{"rendered":"https:\/\/alhambramosaic.com\/?post_type=product&#038;p=1091"},"modified":"2025-10-01T10:24:01","modified_gmt":"2025-10-01T10:24:01","slug":"workshop-tray-mirror","status":"publish","type":"product","link":"https:\/\/alhambramosaic.com\/es\/producto\/workshop-tray-mirror\/","title":{"rendered":"Intermediate Project (3 classes)"},"content":{"rendered":"<p><span style=\"font-family: avenir-next; font-size: 14pt;\">\u00a1Aprende el arte del mosaico tradicional en nuestro taller en Poblenou, Barcelona!<\/span><\/p>\n<p><span style=\"font-family: avenir-next;\"><span style=\"font-size: 18.6667px;\"><b>Este proyecto intermedio de 3 semanas es una oportunidad para profundizar en el dise\u00f1o geom\u00e9trico isl\u00e1mico y trabajar con patrones complejos para construir una bandeja o espejo para tu hogar. <\/b>Aprender\u00e1s t\u00e9cnicas de composici\u00f3n m\u00e1s avanzadas, trabajar\u00e1s con una gama m\u00e1s amplia de formas y piezas, y explorar\u00e1s la proporci\u00f3n y el encuadre como parte de este proyecto.<\/span><\/span><\/p>\n<p><span style=\"font-family: avenir-next; font-size: 16pt; color: #872600;\"><strong>Datos clave<\/strong><\/span><\/p>\n<ul>\n<li><span style=\"font-family: avenir-next; font-size: 14pt;\">3 talleres incluidos a tu propio ritmo<\/span><\/li>\n<li><span style=\"font-family: avenir-next; font-size: 14pt;\">Todos los materiales proporcionados e incluidos en el precio<\/span><\/li>\n<li><span style=\"font-family: avenir-next; font-size: 14pt;\">Apto para personas que hayan asistido a un taller de mosaico anteriormente<\/span><\/li>\n<li><span style=\"font-family: avenir-next; font-size: 14pt;\">18+<\/span><\/li>\n<li><span style=\"font-family: avenir-next; font-size: 14pt;\">Nivel de dificultad: intermedio<\/span><\/li>\n<\/ul>\n<p><span style=\"font-family: avenir-next; font-size: 16pt; color: #872600;\"><strong>Qu\u00e9 esperar<\/strong><\/span><\/p>\n<p>En la primera clase, decidir\u00e1s la composici\u00f3n que quieres crear, as\u00ed como la paleta de colores, con la orientaci\u00f3n del facilitador del taller. Al final de este taller, esperemos que hayas seleccionado las piezas que usar\u00e1s, listas para pintar.<\/p>\n<p>El segundo taller est\u00e1 dedicado a pintar y ensamblar tus azulejos en el marco. Normalmente, este es el taller m\u00e1s relajado de los tres, donde podr\u00e1s centrarte en la calidad de tus azulejos y ver una versi\u00f3n temprana de la pieza cuando se va ensamblando.<\/p>\n<p>El tercer taller consiste en finalizar tu bandeja o espejo. Aplicar\u00e1s cuidadosamente adhesivo y lechada para asegurar que la pieza final sea herm\u00e9tica, y opcionalmente aplicar\u00e1s un acabado al marco de madera. Al final del taller, tu pieza estar\u00e1 lista para llevar a casa.<\/p>\n<p><span style=\"font-family: avenir-next; color: #872600; font-size: 16pt;\"><strong>Preguntas comunes<\/strong><\/span><\/p>\n<p><span style=\"font-family: avenir-next; font-size: 14pt;\"><strong>\u00bfTengo que traer algo?<\/strong><\/span><\/p>\n<p><span style=\"font-family: avenir-next; font-size: 14pt;\">\u00a1No! Todos los materiales para el taller est\u00e1n incluidos.<\/span><\/p>\n<p><span style=\"font-family: avenir-next; font-size: 14pt;\"><strong>\u00bfTengo que llevar algo en particular?<\/strong><\/span><\/p>\n<p><span style=\"font-family: avenir-next; font-size: 14pt;\">Se proporcionar\u00e1n delantales, pero recomendamos llevar ropa que no te importe manchar con pintura, \u00a1por si acaso!<\/span><\/p>\n<p><span style=\"font-family: avenir-next; font-size: 14pt;\"><strong>\u00bfQu\u00e9 tama\u00f1o tiene la bandeja?<\/strong><\/span><\/p>\n<p><span style=\"font-size: 14pt; font-family: avenir-next;\">La bandeja mide 25x35 cm con un espacio interior de 23x33 cm.<\/span><\/p>\n<p><strong>\u00bfQu\u00e9 tama\u00f1o tiene el espejo?<\/strong><\/p>\n<p>El marco del espejo tiene un tama\u00f1o total de 30x40 cm, con un espejo interior de 21x30 cm.<\/p>","protected":false},"excerpt":{"rendered":"<p><span style=\"font-family: avenir-next; font-size: 14pt;\">\u00a1Aprende el arte del mosaico tradicional en nuestro taller en Poblenou, Barcelona!<\/span><\/p>\n<p><span style=\"font-family: avenir-next;\"><span style=\"font-size: 18.6667px;\"><b>Este proyecto intermedio de 3 semanas es una oportunidad para profundizar en el dise\u00f1o geom\u00e9trico isl\u00e1mico y trabajar con patrones complejos para construir una bandeja o espejo para tu hogar. <\/b>Aprender\u00e1s t\u00e9cnicas de composici\u00f3n m\u00e1s avanzadas, trabajar\u00e1s con una gama m\u00e1s amplia de formas y piezas, y explorar\u00e1s la proporci\u00f3n y el encuadre como parte de este proyecto.<\/span><\/span><\/p>\n<p><span style=\"font-family: avenir-next; font-size: 16pt; color: #872600;\"><strong>Datos clave<\/strong><\/span><\/p>\n<ul>\n<li><span style=\"font-family: avenir-next; font-size: 14pt;\">3 talleres incluidos a tu propio ritmo<\/span><\/li>\n<li><span style=\"font-family: avenir-next; font-size: 14pt;\">Todos los materiales proporcionados e incluidos en el precio<\/span><\/li>\n<li><span style=\"font-family: avenir-next; font-size: 14pt;\">Apto para personas que hayan asistido a un taller de mosaico anteriormente<\/span><\/li>\n<li><span style=\"font-family: avenir-next; font-size: 14pt;\">18+<\/span><\/li>\n<li><span style=\"font-family: avenir-next; font-size: 14pt;\">Nivel de dificultad: intermedio<\/span><\/li>\n<\/ul>\n<p><span style=\"font-family: avenir-next; font-size: 16pt; color: #872600;\"><strong>Qu\u00e9 esperar<\/strong><\/span><\/p>\n<p>En la primera clase, decidir\u00e1s la composici\u00f3n que quieres crear, as\u00ed como la paleta de colores, con la orientaci\u00f3n del facilitador del taller. Al final de este taller, esperemos que hayas seleccionado las piezas que usar\u00e1s, listas para pintar.<\/p>\n<p>El segundo taller est\u00e1 dedicado a pintar y ensamblar tus azulejos en el marco. Normalmente, este es el taller m\u00e1s relajado de los tres, donde podr\u00e1s centrarte en la calidad de tus azulejos y ver una versi\u00f3n temprana de la pieza cuando se va ensamblando.<\/p>\n<p>El tercer taller consiste en finalizar tu bandeja o espejo. Aplicar\u00e1s cuidadosamente adhesivo y lechada para asegurar que la pieza final sea herm\u00e9tica, y opcionalmente aplicar\u00e1s un acabado al marco de madera. Al final del taller, tu pieza estar\u00e1 lista para llevar a casa.<\/p>\n<p><span style=\"font-family: avenir-next; color: #872600; font-size: 16pt;\"><strong>Preguntas comunes<\/strong><\/span><\/p>\n<p><span style=\"font-family: avenir-next; font-size: 14pt;\"><strong>\u00bfTengo que traer algo?<\/strong><\/span><\/p>\n<p><span style=\"font-family: avenir-next; font-size: 14pt;\">\u00a1No! Todos los materiales para el taller est\u00e1n incluidos.<\/span><\/p>\n<p><span style=\"font-family: avenir-next; font-size: 14pt;\"><strong>\u00bfTengo que llevar algo en particular?<\/strong><\/span><\/p>\n<p><span style=\"font-family: avenir-next; font-size: 14pt;\">Se proporcionar\u00e1n delantales, pero recomendamos llevar ropa que no te importe manchar con pintura, \u00a1por si acaso!<\/span><\/p>\n<p><span style=\"font-family: avenir-next; font-size: 14pt;\"><strong>\u00bfQu\u00e9 tama\u00f1o tiene la bandeja?<\/strong><\/span><\/p>\n<p><span style=\"font-size: 14pt; font-family: avenir-next;\">La bandeja mide 25x35 cm con un espacio interior de 23x33 cm.<\/span><\/p>\n<p><strong>\u00bfQu\u00e9 tama\u00f1o tiene el espejo?<\/strong><\/p>\n<p>El marco del espejo tiene un tama\u00f1o total de 30x40 cm, con un espejo interior de 21x30 cm.<\/p>","protected":false},"featured_media":1086,"comment_status":"open","ping_status":"closed","template":"","meta":{"nf_dc_page":"","ngg_post_thumbnail":0},"product_brand":[],"product_cat":[21],"product_tag":[],"giftcard-category":[],"class_list":{"0":"post-1091","1":"product","2":"type-product","3":"status-publish","4":"has-post-thumbnail","6":"product_cat-workshops","8":"first","9":"instock","10":"shipping-taxable","11":"purchasable","12":"product-type-simple"},"yoast_head":"<!-- This site is optimized with the Yoast SEO plugin v27.4 - https:\/\/yoast.com\/product\/yoast-seo-wordpress\/ -->\n<title>Intermediate Project (3 classes) - Alhambra Mosaic Studio<\/title>\n<meta name=\"robots\" content=\"index, follow, max-snippet:-1, max-image-preview:large, max-video-preview:-1\" \/>\n<link rel=\"canonical\" href=\"https:\/\/alhambramosaic.com\/es\/producto\/workshop-tray-mirror\/\" \/>\n<meta property=\"og:locale\" content=\"es_ES\" \/>\n<meta property=\"og:type\" content=\"article\" \/>\n<meta property=\"og:title\" content=\"Intermediate Project (3 classes) - Alhambra Mosaic Studio\" \/>\n<meta property=\"og:description\" content=\"Learn the art of traditional mosaic making at our workshop in Poblenou, Barcelona!  This intermediate 3-week project, is a chance to go deeper into islamic geometric design and work with complex patters to construct a tray or mirror for your house. You&#039;ll learn about more advanced composition techniques, work with a wider range of shapes and pieces, and explore proportion and framing as part of this project.  Key facts   3 workshops included at your own pace  All materials provided and included in the price  Suitable for people who have attended a mosaic workshop before  18+  Difficulty level: Intermediate  What to expect  For the first class, you&#039;ll decide on the composition you want to create, as well as the colour scheme, with guidance from the workshop facilitator. By the end of this workshop, you&#039;ll hopefully have selected the pieces you&#039;ll use, ready to paint.  The second workshop is dedicated to painting and assembling your tiles in the frame. This is usually the most relaxed of the three workshops, where you can focus on the quality of your tiles, and see an early version of the piece when it comes together.  The third workshop involves finishing off your tray or mirror. You&#039;ll carefully apply adhesive and grout to ensure the final piece is watertight, and optionally apply a finish to the wooden frame. By the end of the workshop, your piece is ready to take home.  Common questions  Do I need to bring anything?  No! All materials for the workshop are provided.  Do I need to wear anything in particular?  Aprons will be provided but we recommend wearing clothes that you don&#039;t mind getting paint on - just in case!  How big is the tray?  The tray is 25x35cm with an interior space of 23x33cm.  How big is the mirror?  The overall mirror frame is 30x40cm with a 21x30 interior mirror.\" \/>\n<meta property=\"og:url\" content=\"https:\/\/alhambramosaic.com\/es\/producto\/workshop-tray-mirror\/\" \/>\n<meta property=\"og:site_name\" content=\"Alhambra Mosaic Studio\" \/>\n<meta property=\"article:modified_time\" content=\"2025-10-01T10:24:01+00:00\" \/>\n<meta property=\"og:image\" content=\"https:\/\/alhambramosaic.com\/wp-content\/uploads\/2025\/04\/home_page_workshop_2b.jpg\" \/>\n\t<meta property=\"og:image:width\" content=\"800\" \/>\n\t<meta property=\"og:image:height\" content=\"600\" \/>\n\t<meta property=\"og:image:type\" content=\"image\/jpeg\" \/>\n<meta name=\"twitter:card\" content=\"summary_large_image\" \/>\n<meta name=\"twitter:label1\" content=\"Tiempo de lectura\" \/>\n\t<meta name=\"twitter:data1\" content=\"2 minutos\" \/>\n<script type=\"application\/ld+json\" class=\"yoast-schema-graph\">{\"@context\":\"https:\\\/\\\/schema.org\",\"@graph\":[{\"@type\":\"WebPage\",\"@id\":\"https:\\\/\\\/alhambramosaic.com\\\/product\\\/workshop-tray-mirror\\\/\",\"url\":\"https:\\\/\\\/alhambramosaic.com\\\/product\\\/workshop-tray-mirror\\\/\",\"name\":\"Intermediate Project (3 classes) - Alhambra Mosaic Studio\",\"isPartOf\":{\"@id\":\"https:\\\/\\\/alhambramosaic.com\\\/#website\"},\"primaryImageOfPage\":{\"@id\":\"https:\\\/\\\/alhambramosaic.com\\\/product\\\/workshop-tray-mirror\\\/#primaryimage\"},\"image\":{\"@id\":\"https:\\\/\\\/alhambramosaic.com\\\/product\\\/workshop-tray-mirror\\\/#primaryimage\"},\"thumbnailUrl\":\"https:\\\/\\\/alhambramosaic.com\\\/wp-content\\\/uploads\\\/2025\\\/04\\\/home_page_workshop_2b.jpg\",\"datePublished\":\"2025-04-15T15:43:21+00:00\",\"dateModified\":\"2025-10-01T10:24:01+00:00\",\"breadcrumb\":{\"@id\":\"https:\\\/\\\/alhambramosaic.com\\\/product\\\/workshop-tray-mirror\\\/#breadcrumb\"},\"inLanguage\":\"es\",\"potentialAction\":[{\"@type\":\"ReadAction\",\"target\":[\"https:\\\/\\\/alhambramosaic.com\\\/product\\\/workshop-tray-mirror\\\/\"]}]},{\"@type\":\"ImageObject\",\"inLanguage\":\"es\",\"@id\":\"https:\\\/\\\/alhambramosaic.com\\\/product\\\/workshop-tray-mirror\\\/#primaryimage\",\"url\":\"https:\\\/\\\/alhambramosaic.com\\\/wp-content\\\/uploads\\\/2025\\\/04\\\/home_page_workshop_2b.jpg\",\"contentUrl\":\"https:\\\/\\\/alhambramosaic.com\\\/wp-content\\\/uploads\\\/2025\\\/04\\\/home_page_workshop_2b.jpg\",\"width\":800,\"height\":600},{\"@type\":\"BreadcrumbList\",\"@id\":\"https:\\\/\\\/alhambramosaic.com\\\/product\\\/workshop-tray-mirror\\\/#breadcrumb\",\"itemListElement\":[{\"@type\":\"ListItem\",\"position\":1,\"name\":\"Home\",\"item\":\"https:\\\/\\\/alhambramosaic.com\\\/\"},{\"@type\":\"ListItem\",\"position\":2,\"name\":\"Shop\",\"item\":\"https:\\\/\\\/alhambramosaic.com\\\/shop\\\/\"},{\"@type\":\"ListItem\",\"position\":3,\"name\":\"Intermediate Project (3 classes)\"}]},{\"@type\":\"WebSite\",\"@id\":\"https:\\\/\\\/alhambramosaic.com\\\/#website\",\"url\":\"https:\\\/\\\/alhambramosaic.com\\\/\",\"name\":\"Alhambra Mosaic Studio\",\"description\":\"Make your masterpiece\",\"publisher\":{\"@id\":\"https:\\\/\\\/alhambramosaic.com\\\/#organization\"},\"potentialAction\":[{\"@type\":\"SearchAction\",\"target\":{\"@type\":\"EntryPoint\",\"urlTemplate\":\"https:\\\/\\\/alhambramosaic.com\\\/?s={search_term_string}\"},\"query-input\":{\"@type\":\"PropertyValueSpecification\",\"valueRequired\":true,\"valueName\":\"search_term_string\"}}],\"inLanguage\":\"es\"},{\"@type\":\"Organization\",\"@id\":\"https:\\\/\\\/alhambramosaic.com\\\/#organization\",\"name\":\"Alhambra Mosaic Studio\",\"url\":\"https:\\\/\\\/alhambramosaic.com\\\/\",\"logo\":{\"@type\":\"ImageObject\",\"inLanguage\":\"es\",\"@id\":\"https:\\\/\\\/alhambramosaic.com\\\/#\\\/schema\\\/logo\\\/image\\\/\",\"url\":\"https:\\\/\\\/alhambramosaic.com\\\/wp-content\\\/uploads\\\/2025\\\/01\\\/alhambramosaicstudio.png\",\"contentUrl\":\"https:\\\/\\\/alhambramosaic.com\\\/wp-content\\\/uploads\\\/2025\\\/01\\\/alhambramosaicstudio.png\",\"width\":1000,\"height\":652,\"caption\":\"Alhambra Mosaic Studio\"},\"image\":{\"@id\":\"https:\\\/\\\/alhambramosaic.com\\\/#\\\/schema\\\/logo\\\/image\\\/\"}}]}<\/script>\n<!-- \/ Yoast SEO plugin. -->","yoast_head_json":{"title":"Intermediate Project (3 classes) - Alhambra Mosaic Studio","robots":{"index":"index","follow":"follow","max-snippet":"max-snippet:-1","max-image-preview":"max-image-preview:large","max-video-preview":"max-video-preview:-1"},"canonical":"https:\/\/alhambramosaic.com\/es\/producto\/workshop-tray-mirror\/","og_locale":"es_ES","og_type":"article","og_title":"Intermediate Project (3 classes) - Alhambra Mosaic Studio","og_description":"Learn the art of traditional mosaic making at our workshop in Poblenou, Barcelona!  This intermediate 3-week project, is a chance to go deeper into islamic geometric design and work with complex patters to construct a tray or mirror for your house. You'll learn about more advanced composition techniques, work with a wider range of shapes and pieces, and explore proportion and framing as part of this project.  Key facts   3 workshops included at your own pace  All materials provided and included in the price  Suitable for people who have attended a mosaic workshop before  18+  Difficulty level: Intermediate  What to expect  For the first class, you'll decide on the composition you want to create, as well as the colour scheme, with guidance from the workshop facilitator. By the end of this workshop, you'll hopefully have selected the pieces you'll use, ready to paint.  The second workshop is dedicated to painting and assembling your tiles in the frame. This is usually the most relaxed of the three workshops, where you can focus on the quality of your tiles, and see an early version of the piece when it comes together.  The third workshop involves finishing off your tray or mirror. You'll carefully apply adhesive and grout to ensure the final piece is watertight, and optionally apply a finish to the wooden frame. By the end of the workshop, your piece is ready to take home.  Common questions  Do I need to bring anything?  No! All materials for the workshop are provided.  Do I need to wear anything in particular?  Aprons will be provided but we recommend wearing clothes that you don't mind getting paint on - just in case!  How big is the tray?  The tray is 25x35cm with an interior space of 23x33cm.  How big is the mirror?  The overall mirror frame is 30x40cm with a 21x30 interior mirror.","og_url":"https:\/\/alhambramosaic.com\/es\/producto\/workshop-tray-mirror\/","og_site_name":"Alhambra Mosaic Studio","article_modified_time":"2025-10-01T10:24:01+00:00","og_image":[{"width":800,"height":600,"url":"https:\/\/alhambramosaic.com\/wp-content\/uploads\/2025\/04\/home_page_workshop_2b.jpg","type":"image\/jpeg"}],"twitter_card":"summary_large_image","twitter_misc":{"Tiempo de lectura":"2 minutos"},"schema":{"@context":"https:\/\/schema.org","@graph":[{"@type":"WebPage","@id":"https:\/\/alhambramosaic.com\/product\/workshop-tray-mirror\/","url":"https:\/\/alhambramosaic.com\/product\/workshop-tray-mirror\/","name":"Intermediate Project (3 classes) - Alhambra Mosaic Studio","isPartOf":{"@id":"https:\/\/alhambramosaic.com\/#website"},"primaryImageOfPage":{"@id":"https:\/\/alhambramosaic.com\/product\/workshop-tray-mirror\/#primaryimage"},"image":{"@id":"https:\/\/alhambramosaic.com\/product\/workshop-tray-mirror\/#primaryimage"},"thumbnailUrl":"https:\/\/alhambramosaic.com\/wp-content\/uploads\/2025\/04\/home_page_workshop_2b.jpg","datePublished":"2025-04-15T15:43:21+00:00","dateModified":"2025-10-01T10:24:01+00:00","breadcrumb":{"@id":"https:\/\/alhambramosaic.com\/product\/workshop-tray-mirror\/#breadcrumb"},"inLanguage":"es","potentialAction":[{"@type":"ReadAction","target":["https:\/\/alhambramosaic.com\/product\/workshop-tray-mirror\/"]}]},{"@type":"ImageObject","inLanguage":"es","@id":"https:\/\/alhambramosaic.com\/product\/workshop-tray-mirror\/#primaryimage","url":"https:\/\/alhambramosaic.com\/wp-content\/uploads\/2025\/04\/home_page_workshop_2b.jpg","contentUrl":"https:\/\/alhambramosaic.com\/wp-content\/uploads\/2025\/04\/home_page_workshop_2b.jpg","width":800,"height":600},{"@type":"BreadcrumbList","@id":"https:\/\/alhambramosaic.com\/product\/workshop-tray-mirror\/#breadcrumb","itemListElement":[{"@type":"ListItem","position":1,"name":"Home","item":"https:\/\/alhambramosaic.com\/"},{"@type":"ListItem","position":2,"name":"Shop","item":"https:\/\/alhambramosaic.com\/shop\/"},{"@type":"ListItem","position":3,"name":"Intermediate Project (3 classes)"}]},{"@type":"WebSite","@id":"https:\/\/alhambramosaic.com\/#website","url":"https:\/\/alhambramosaic.com\/","name":"Alhambra Mosaic Studio","description":"Make your masterpiece","publisher":{"@id":"https:\/\/alhambramosaic.com\/#organization"},"potentialAction":[{"@type":"SearchAction","target":{"@type":"EntryPoint","urlTemplate":"https:\/\/alhambramosaic.com\/?s={search_term_string}"},"query-input":{"@type":"PropertyValueSpecification","valueRequired":true,"valueName":"search_term_string"}}],"inLanguage":"es"},{"@type":"Organization","@id":"https:\/\/alhambramosaic.com\/#organization","name":"Alhambra Mosaic Studio","url":"https:\/\/alhambramosaic.com\/","logo":{"@type":"ImageObject","inLanguage":"es","@id":"https:\/\/alhambramosaic.com\/#\/schema\/logo\/image\/","url":"https:\/\/alhambramosaic.com\/wp-content\/uploads\/2025\/01\/alhambramosaicstudio.png","contentUrl":"https:\/\/alhambramosaic.com\/wp-content\/uploads\/2025\/01\/alhambramosaicstudio.png","width":1000,"height":652,"caption":"Alhambra Mosaic Studio"},"image":{"@id":"https:\/\/alhambramosaic.com\/#\/schema\/logo\/image\/"}}]}},"_links":{"self":[{"href":"https:\/\/alhambramosaic.com\/es\/wp-json\/wp\/v2\/product\/1091","targetHints":{"allow":["GET"]}}],"collection":[{"href":"https:\/\/alhambramosaic.com\/es\/wp-json\/wp\/v2\/product"}],"about":[{"href":"https:\/\/alhambramosaic.com\/es\/wp-json\/wp\/v2\/types\/product"}],"replies":[{"embeddable":true,"href":"https:\/\/alhambramosaic.com\/es\/wp-json\/wp\/v2\/comments?post=1091"}],"wp:featuredmedia":[{"embeddable":true,"href":"https:\/\/alhambramosaic.com\/es\/wp-json\/wp\/v2\/media\/1086"}],"wp:attachment":[{"href":"https:\/\/alhambramosaic.com\/es\/wp-json\/wp\/v2\/media?parent=1091"}],"wp:term":[{"taxonomy":"product_brand","embeddable":true,"href":"https:\/\/alhambramosaic.com\/es\/wp-json\/wp\/v2\/product_brand?post=1091"},{"taxonomy":"product_cat","embeddable":true,"href":"https:\/\/alhambramosaic.com\/es\/wp-json\/wp\/v2\/product_cat?post=1091"},{"taxonomy":"product_tag","embeddable":true,"href":"https:\/\/alhambramosaic.com\/es\/wp-json\/wp\/v2\/product_tag?post=1091"},{"taxonomy":"giftcard-category","embeddable":true,"href":"https:\/\/alhambramosaic.com\/es\/wp-json\/wp\/v2\/giftcard-category?post=1091"}],"curies":[{"name":"wp","href":"https:\/\/api.w.org\/{rel}","templated":true}]}}