{"id":1582,"date":"2025-04-24T14:16:10","date_gmt":"2025-04-24T14:16:10","guid":{"rendered":"https:\/\/alhambramosaic.com\/?post_type=product&#038;p=1582"},"modified":"2025-04-24T15:35:14","modified_gmt":"2025-04-24T15:35:14","slug":"umayyad-mosque","status":"publish","type":"product","link":"https:\/\/alhambramosaic.com\/es\/producto\/umayyad-mosque\/","title":{"rendered":"Umayyad Mosque"},"content":{"rendered":"","protected":false},"excerpt":{"rendered":"<p class=\"whitespace-pre-wrap break-words\">The Umayyad Mosque Table embodies the striking minimalism of classical Islamic design. Each table comprises 199 handcrafted ceramic tiles, individually glazed and kiln-fired before being precisely arranged into the striking geometric pattern found in the ancient Umayyad Mosque\u2014a monumental architectural achievement from the early Islamic Golden Age.<\/p>\n<p class=\"whitespace-pre-wrap break-words\">Presented in a timeless black and white colorway, this sophisticated side table showcases the power of contrast and geometric precision. At 43cm in diameter and standing 60cm tall, the Umayyad Mosque Table creates a powerful visual statement perfect for modern interiors, balconies, or terraces seeking to incorporate elements of historical significance with contemporary aesthetics.<\/p>\n<p class=\"whitespace-pre-wrap break-words\">La base de acero para autoensamblaje \u2014dise\u00f1ada a medida con un motivo floral elegante\u2014 ofrece estabilidad y coherencia art\u00edstica. Nuestras mesas incluyen aut\u00e9nticos azulejos de cer\u00e1mica cocidos en horno raku, que proporcionan resistencia natural a las inclemencias del tiempo, con colores que mantienen su viveza tras a\u00f1os de exposici\u00f3n solar y uso en exteriores.<\/p>\n<p class=\"whitespace-pre-wrap break-words\">Each Umayyad Mosque Table represents countless hours of artisanal work, combining traditional techniques with modern manufacturing innovations. The result is not merely furniture, but a functional art piece that bridges cultures and centuries through its timeless monochromatic elegance.<\/p>\n<p class=\"whitespace-pre-wrap break-words\"><em>La mesa, pese a su extraordinaria resistencia, requiere cuidados artesanos: rejuntado peri\u00f3dico y alg\u00fan refresco del acabado met\u00e1lico. As\u00ed garantizamos que conserve su belleza original para legarla a futuras generaciones.<\/em><\/p>\n<p class=\"whitespace-pre-wrap break-words\"><em>Esta mesa se env\u00eda como tablero terminado con base para autoensamblaje. Incluye todas las herramientas necesarias para el montaje.<\/em><\/p>","protected":false},"featured_media":1592,"comment_status":"open","ping_status":"closed","template":"","meta":{"nf_dc_page":"","ngg_post_thumbnail":0},"product_brand":[],"product_cat":[37],"product_tag":[],"giftcard-category":[],"class_list":{"0":"post-1582","1":"product","2":"type-product","3":"status-publish","4":"has-post-thumbnail","6":"product_cat-furniture","8":"first","9":"instock","10":"shipping-taxable","11":"purchasable","12":"product-type-simple"},"yoast_head":"<!-- This site is optimized with the Yoast SEO plugin v27.4 - https:\/\/yoast.com\/product\/yoast-seo-wordpress\/ -->\n<title>Umayyad Mosque - Alhambra Mosaic Studio<\/title>\n<meta name=\"robots\" content=\"index, follow, max-snippet:-1, max-image-preview:large, max-video-preview:-1\" \/>\n<link rel=\"canonical\" href=\"https:\/\/alhambramosaic.com\/es\/producto\/umayyad-mosque\/\" \/>\n<meta property=\"og:locale\" content=\"es_ES\" \/>\n<meta property=\"og:type\" content=\"article\" \/>\n<meta property=\"og:title\" content=\"Umayyad Mosque - Alhambra Mosaic Studio\" \/>\n<meta property=\"og:description\" content=\"The Umayyad Mosque Table embodies the striking minimalism of classical Islamic design. Each table comprises 199 handcrafted ceramic tiles, individually glazed and kiln-fired before being precisely arranged into the striking geometric pattern found in the ancient Umayyad Mosque\u2014a monumental architectural achievement from the early Islamic Golden Age. Presented in a timeless black and white colorway, this sophisticated side table showcases the power of contrast and geometric precision. At 43cm in diameter and standing 60cm tall, the Umayyad Mosque Table creates a powerful visual statement perfect for modern interiors, balconies, or terraces seeking to incorporate elements of historical significance with contemporary aesthetics. The custom-designed self-assembly steel base, featuring an elegant floral motif, provides both stability and artistic cohesion. Our tables feature genuine raku kiln-fired ceramic tiles, providing natural resistance to the elements with colors that retain their vibrancy through years of sun exposure and outdoor use. Each Umayyad Mosque Table represents countless hours of artisanal work, combining traditional techniques with modern manufacturing innovations. The result is not merely furniture, but a functional art piece that bridges cultures and centuries through its timeless monochromatic elegance. While the table features superior weather resistance, periodic maintenance of grout and occasional repainting of the steel base is recommended to preserve its impeccable appearance for generations. This table is shipped as a finished tabletop with self-assembly base. All tools for self-assembly are provided.\" \/>\n<meta property=\"og:url\" content=\"https:\/\/alhambramosaic.com\/es\/producto\/umayyad-mosque\/\" \/>\n<meta property=\"og:site_name\" content=\"Alhambra Mosaic Studio\" \/>\n<meta property=\"article:modified_time\" content=\"2025-04-24T15:35:14+00:00\" \/>\n<meta property=\"og:image\" content=\"https:\/\/alhambramosaic.com\/wp-content\/uploads\/2025\/04\/umayyad_mosque_table_pic_3.jpg\" \/>\n\t<meta property=\"og:image:width\" content=\"1200\" \/>\n\t<meta property=\"og:image:height\" content=\"1200\" \/>\n\t<meta property=\"og:image:type\" content=\"image\/jpeg\" \/>\n<meta name=\"twitter:card\" content=\"summary_large_image\" \/>\n<meta name=\"twitter:label1\" content=\"Tiempo de lectura\" \/>\n\t<meta name=\"twitter:data1\" content=\"1 minuto\" \/>\n<script type=\"application\/ld+json\" class=\"yoast-schema-graph\">{\"@context\":\"https:\\\/\\\/schema.org\",\"@graph\":[{\"@type\":\"WebPage\",\"@id\":\"https:\\\/\\\/alhambramosaic.com\\\/product\\\/umayyad-mosque\\\/\",\"url\":\"https:\\\/\\\/alhambramosaic.com\\\/product\\\/umayyad-mosque\\\/\",\"name\":\"Umayyad Mosque - Alhambra Mosaic Studio\",\"isPartOf\":{\"@id\":\"https:\\\/\\\/alhambramosaic.com\\\/#website\"},\"primaryImageOfPage\":{\"@id\":\"https:\\\/\\\/alhambramosaic.com\\\/product\\\/umayyad-mosque\\\/#primaryimage\"},\"image\":{\"@id\":\"https:\\\/\\\/alhambramosaic.com\\\/product\\\/umayyad-mosque\\\/#primaryimage\"},\"thumbnailUrl\":\"https:\\\/\\\/alhambramosaic.com\\\/wp-content\\\/uploads\\\/2025\\\/04\\\/umayyad_mosque_table_pic_3.jpg\",\"datePublished\":\"2025-04-24T14:16:10+00:00\",\"dateModified\":\"2025-04-24T15:35:14+00:00\",\"breadcrumb\":{\"@id\":\"https:\\\/\\\/alhambramosaic.com\\\/product\\\/umayyad-mosque\\\/#breadcrumb\"},\"inLanguage\":\"es\",\"potentialAction\":[{\"@type\":\"ReadAction\",\"target\":[\"https:\\\/\\\/alhambramosaic.com\\\/product\\\/umayyad-mosque\\\/\"]}]},{\"@type\":\"ImageObject\",\"inLanguage\":\"es\",\"@id\":\"https:\\\/\\\/alhambramosaic.com\\\/product\\\/umayyad-mosque\\\/#primaryimage\",\"url\":\"https:\\\/\\\/alhambramosaic.com\\\/wp-content\\\/uploads\\\/2025\\\/04\\\/umayyad_mosque_table_pic_3.jpg\",\"contentUrl\":\"https:\\\/\\\/alhambramosaic.com\\\/wp-content\\\/uploads\\\/2025\\\/04\\\/umayyad_mosque_table_pic_3.jpg\",\"width\":1200,\"height\":1200},{\"@type\":\"BreadcrumbList\",\"@id\":\"https:\\\/\\\/alhambramosaic.com\\\/product\\\/umayyad-mosque\\\/#breadcrumb\",\"itemListElement\":[{\"@type\":\"ListItem\",\"position\":1,\"name\":\"Home\",\"item\":\"https:\\\/\\\/alhambramosaic.com\\\/\"},{\"@type\":\"ListItem\",\"position\":2,\"name\":\"Shop\",\"item\":\"https:\\\/\\\/alhambramosaic.com\\\/shop\\\/\"},{\"@type\":\"ListItem\",\"position\":3,\"name\":\"Umayyad Mosque\"}]},{\"@type\":\"WebSite\",\"@id\":\"https:\\\/\\\/alhambramosaic.com\\\/#website\",\"url\":\"https:\\\/\\\/alhambramosaic.com\\\/\",\"name\":\"Alhambra Mosaic Studio\",\"description\":\"Make your masterpiece\",\"publisher\":{\"@id\":\"https:\\\/\\\/alhambramosaic.com\\\/#organization\"},\"potentialAction\":[{\"@type\":\"SearchAction\",\"target\":{\"@type\":\"EntryPoint\",\"urlTemplate\":\"https:\\\/\\\/alhambramosaic.com\\\/?s={search_term_string}\"},\"query-input\":{\"@type\":\"PropertyValueSpecification\",\"valueRequired\":true,\"valueName\":\"search_term_string\"}}],\"inLanguage\":\"es\"},{\"@type\":\"Organization\",\"@id\":\"https:\\\/\\\/alhambramosaic.com\\\/#organization\",\"name\":\"Alhambra Mosaic Studio\",\"url\":\"https:\\\/\\\/alhambramosaic.com\\\/\",\"logo\":{\"@type\":\"ImageObject\",\"inLanguage\":\"es\",\"@id\":\"https:\\\/\\\/alhambramosaic.com\\\/#\\\/schema\\\/logo\\\/image\\\/\",\"url\":\"https:\\\/\\\/alhambramosaic.com\\\/wp-content\\\/uploads\\\/2025\\\/01\\\/alhambramosaicstudio.png\",\"contentUrl\":\"https:\\\/\\\/alhambramosaic.com\\\/wp-content\\\/uploads\\\/2025\\\/01\\\/alhambramosaicstudio.png\",\"width\":1000,\"height\":652,\"caption\":\"Alhambra Mosaic Studio\"},\"image\":{\"@id\":\"https:\\\/\\\/alhambramosaic.com\\\/#\\\/schema\\\/logo\\\/image\\\/\"}}]}<\/script>\n<!-- \/ Yoast SEO plugin. -->","yoast_head_json":{"title":"Umayyad Mosque - Alhambra Mosaic Studio","robots":{"index":"index","follow":"follow","max-snippet":"max-snippet:-1","max-image-preview":"max-image-preview:large","max-video-preview":"max-video-preview:-1"},"canonical":"https:\/\/alhambramosaic.com\/es\/producto\/umayyad-mosque\/","og_locale":"es_ES","og_type":"article","og_title":"Umayyad Mosque - Alhambra Mosaic Studio","og_description":"The Umayyad Mosque Table embodies the striking minimalism of classical Islamic design. Each table comprises 199 handcrafted ceramic tiles, individually glazed and kiln-fired before being precisely arranged into the striking geometric pattern found in the ancient Umayyad Mosque\u2014a monumental architectural achievement from the early Islamic Golden Age. Presented in a timeless black and white colorway, this sophisticated side table showcases the power of contrast and geometric precision. At 43cm in diameter and standing 60cm tall, the Umayyad Mosque Table creates a powerful visual statement perfect for modern interiors, balconies, or terraces seeking to incorporate elements of historical significance with contemporary aesthetics. The custom-designed self-assembly steel base, featuring an elegant floral motif, provides both stability and artistic cohesion. Our tables feature genuine raku kiln-fired ceramic tiles, providing natural resistance to the elements with colors that retain their vibrancy through years of sun exposure and outdoor use. Each Umayyad Mosque Table represents countless hours of artisanal work, combining traditional techniques with modern manufacturing innovations. The result is not merely furniture, but a functional art piece that bridges cultures and centuries through its timeless monochromatic elegance. While the table features superior weather resistance, periodic maintenance of grout and occasional repainting of the steel base is recommended to preserve its impeccable appearance for generations. This table is shipped as a finished tabletop with self-assembly base. All tools for self-assembly are provided.","og_url":"https:\/\/alhambramosaic.com\/es\/producto\/umayyad-mosque\/","og_site_name":"Alhambra Mosaic Studio","article_modified_time":"2025-04-24T15:35:14+00:00","og_image":[{"width":1200,"height":1200,"url":"https:\/\/alhambramosaic.com\/wp-content\/uploads\/2025\/04\/umayyad_mosque_table_pic_3.jpg","type":"image\/jpeg"}],"twitter_card":"summary_large_image","twitter_misc":{"Tiempo de lectura":"1 minuto"},"schema":{"@context":"https:\/\/schema.org","@graph":[{"@type":"WebPage","@id":"https:\/\/alhambramosaic.com\/product\/umayyad-mosque\/","url":"https:\/\/alhambramosaic.com\/product\/umayyad-mosque\/","name":"Umayyad Mosque - Alhambra Mosaic Studio","isPartOf":{"@id":"https:\/\/alhambramosaic.com\/#website"},"primaryImageOfPage":{"@id":"https:\/\/alhambramosaic.com\/product\/umayyad-mosque\/#primaryimage"},"image":{"@id":"https:\/\/alhambramosaic.com\/product\/umayyad-mosque\/#primaryimage"},"thumbnailUrl":"https:\/\/alhambramosaic.com\/wp-content\/uploads\/2025\/04\/umayyad_mosque_table_pic_3.jpg","datePublished":"2025-04-24T14:16:10+00:00","dateModified":"2025-04-24T15:35:14+00:00","breadcrumb":{"@id":"https:\/\/alhambramosaic.com\/product\/umayyad-mosque\/#breadcrumb"},"inLanguage":"es","potentialAction":[{"@type":"ReadAction","target":["https:\/\/alhambramosaic.com\/product\/umayyad-mosque\/"]}]},{"@type":"ImageObject","inLanguage":"es","@id":"https:\/\/alhambramosaic.com\/product\/umayyad-mosque\/#primaryimage","url":"https:\/\/alhambramosaic.com\/wp-content\/uploads\/2025\/04\/umayyad_mosque_table_pic_3.jpg","contentUrl":"https:\/\/alhambramosaic.com\/wp-content\/uploads\/2025\/04\/umayyad_mosque_table_pic_3.jpg","width":1200,"height":1200},{"@type":"BreadcrumbList","@id":"https:\/\/alhambramosaic.com\/product\/umayyad-mosque\/#breadcrumb","itemListElement":[{"@type":"ListItem","position":1,"name":"Home","item":"https:\/\/alhambramosaic.com\/"},{"@type":"ListItem","position":2,"name":"Shop","item":"https:\/\/alhambramosaic.com\/shop\/"},{"@type":"ListItem","position":3,"name":"Umayyad Mosque"}]},{"@type":"WebSite","@id":"https:\/\/alhambramosaic.com\/#website","url":"https:\/\/alhambramosaic.com\/","name":"Alhambra Mosaic Studio","description":"Make your masterpiece","publisher":{"@id":"https:\/\/alhambramosaic.com\/#organization"},"potentialAction":[{"@type":"SearchAction","target":{"@type":"EntryPoint","urlTemplate":"https:\/\/alhambramosaic.com\/?s={search_term_string}"},"query-input":{"@type":"PropertyValueSpecification","valueRequired":true,"valueName":"search_term_string"}}],"inLanguage":"es"},{"@type":"Organization","@id":"https:\/\/alhambramosaic.com\/#organization","name":"Alhambra Mosaic Studio","url":"https:\/\/alhambramosaic.com\/","logo":{"@type":"ImageObject","inLanguage":"es","@id":"https:\/\/alhambramosaic.com\/#\/schema\/logo\/image\/","url":"https:\/\/alhambramosaic.com\/wp-content\/uploads\/2025\/01\/alhambramosaicstudio.png","contentUrl":"https:\/\/alhambramosaic.com\/wp-content\/uploads\/2025\/01\/alhambramosaicstudio.png","width":1000,"height":652,"caption":"Alhambra Mosaic Studio"},"image":{"@id":"https:\/\/alhambramosaic.com\/#\/schema\/logo\/image\/"}}]}},"_links":{"self":[{"href":"https:\/\/alhambramosaic.com\/es\/wp-json\/wp\/v2\/product\/1582","targetHints":{"allow":["GET"]}}],"collection":[{"href":"https:\/\/alhambramosaic.com\/es\/wp-json\/wp\/v2\/product"}],"about":[{"href":"https:\/\/alhambramosaic.com\/es\/wp-json\/wp\/v2\/types\/product"}],"replies":[{"embeddable":true,"href":"https:\/\/alhambramosaic.com\/es\/wp-json\/wp\/v2\/comments?post=1582"}],"wp:featuredmedia":[{"embeddable":true,"href":"https:\/\/alhambramosaic.com\/es\/wp-json\/wp\/v2\/media\/1592"}],"wp:attachment":[{"href":"https:\/\/alhambramosaic.com\/es\/wp-json\/wp\/v2\/media?parent=1582"}],"wp:term":[{"taxonomy":"product_brand","embeddable":true,"href":"https:\/\/alhambramosaic.com\/es\/wp-json\/wp\/v2\/product_brand?post=1582"},{"taxonomy":"product_cat","embeddable":true,"href":"https:\/\/alhambramosaic.com\/es\/wp-json\/wp\/v2\/product_cat?post=1582"},{"taxonomy":"product_tag","embeddable":true,"href":"https:\/\/alhambramosaic.com\/es\/wp-json\/wp\/v2\/product_tag?post=1582"},{"taxonomy":"giftcard-category","embeddable":true,"href":"https:\/\/alhambramosaic.com\/es\/wp-json\/wp\/v2\/giftcard-category?post=1582"}],"curies":[{"name":"wp","href":"https:\/\/api.w.org\/{rel}","templated":true}]}}