{"id":2045,"date":"2025-12-05T18:44:41","date_gmt":"2025-12-05T18:44:41","guid":{"rendered":"https:\/\/alhambramosaic.com\/?post_type=product&#038;p=2045"},"modified":"2026-04-15T18:15:55","modified_gmt":"2026-04-15T18:15:55","slug":"tile-kit-coaster-single","status":"publish","type":"product","link":"https:\/\/alhambramosaic.com\/es\/producto\/tile-kit-coaster-single\/","title":{"rendered":"Tile Kit \u2013 Coaster (Individual)"},"content":{"rendered":"","protected":false},"excerpt":{"rendered":"<p><strong>El antiguo arte de La Alhambra\u2026 \u00a1en tus manos!<\/strong><\/p>\n<p>Los kits de azulejos incluyen todo lo que necesitas para crear tus propios mosaicos geom\u00e9tricos y tener un pedacito de La Alhambra en tu hogar.<\/p>\n<p><strong>Este kit incluye las teselas y los materiales necesarios para hacer un posavasos de mosaico, en los colores de tu elecci\u00f3n. Puedes elegir el patr\u00f3n que te gustar\u00eda hacer entre una variedad de opciones.<\/strong><\/p>\n<p>En este kit encontrar\u00e1s:<\/p>\n<ul>\n<li class=\"whitespace-normal break-words\">20\u201330 piezas de arcilla hechas a mano, listas para pintar y ensamblar<\/li>\n<li class=\"whitespace-normal break-words\">Pinturas cer\u00e1micas de alta calidad<\/li>\n<li class=\"whitespace-normal break-words\">Base de posavasos de madera (12 \u00d7 12 cm)<\/li>\n<li class=\"whitespace-normal break-words\">Adhesivo y barniz profesionales<\/li>\n<li class=\"whitespace-normal break-words\">Pincel de calidad<\/li>\n<li class=\"whitespace-normal break-words\">Gu\u00eda completa de instrucciones de 16 p\u00e1ginas<\/li>\n<\/ul>\n<p>Para ver lo que puedes crear, visita nuestra <a href=\"https:\/\/alhambramosaic.com\/es\/inspiration-gallery\/\">inspiration gallery<\/a>!<\/p>","protected":false},"featured_media":2612,"comment_status":"open","ping_status":"closed","template":"","meta":{"nf_dc_page":"","ngg_post_thumbnail":0},"product_brand":[],"product_cat":[36],"product_tag":[],"giftcard-category":[],"class_list":{"0":"post-2045","1":"product","2":"type-product","3":"status-publish","4":"has-post-thumbnail","6":"product_cat-diy-kits","7":"product_shipping_class-shipping-tile-kit-coaster","9":"first","10":"onbackorder","11":"shipping-taxable","12":"purchasable","13":"product-type-variable"},"yoast_head":"<!-- This site is optimized with the Yoast SEO plugin v27.4 - https:\/\/yoast.com\/product\/yoast-seo-wordpress\/ -->\n<title>Tile Kit - Coaster (Single) - Alhambra Mosaic Studio<\/title>\n<meta name=\"robots\" content=\"index, follow, max-snippet:-1, max-image-preview:large, max-video-preview:-1\" \/>\n<link rel=\"canonical\" href=\"https:\/\/alhambramosaic.com\/es\/producto\/tile-kit-coaster-single\/\" \/>\n<meta property=\"og:locale\" content=\"es_ES\" \/>\n<meta property=\"og:type\" content=\"article\" \/>\n<meta property=\"og:title\" content=\"Tile Kit - Coaster (Single) - Alhambra Mosaic Studio\" \/>\n<meta property=\"og:description\" content=\"The ancient art of The Alhambra - in your hands.  Tile Kits contain everything you need to make your own geometric mosaics and have a piece of The Alhambra in your home.  This kit includes the tiles and materials to make a mosaic coaster, in the colours of your choice. You can choose the pattern you would like to make from a range of options.  In this kit:   20-30 handcrafted clay tiles ready to paint and assemble  Premium ceramic paints  Wooden coaster base (12x12cm)  Professional adhesive &amp; varnish  Quality paintbrush  Complete 16-page instruction guide  To see what you can make, check out our inspiration gallery!\" \/>\n<meta property=\"og:url\" content=\"https:\/\/alhambramosaic.com\/es\/producto\/tile-kit-coaster-single\/\" \/>\n<meta property=\"og:site_name\" content=\"Alhambra Mosaic Studio\" \/>\n<meta property=\"article:modified_time\" content=\"2026-04-15T18:15:55+00:00\" \/>\n<meta property=\"og:image\" content=\"https:\/\/alhambramosaic.com\/wp-content\/uploads\/2025\/12\/TileKit-1-Resized-1.jpeg\" \/>\n\t<meta property=\"og:image:width\" content=\"1200\" \/>\n\t<meta property=\"og:image:height\" content=\"900\" \/>\n\t<meta property=\"og:image:type\" content=\"image\/jpeg\" \/>\n<meta name=\"twitter:card\" content=\"summary_large_image\" \/>\n<meta name=\"twitter:label1\" content=\"Tiempo de lectura\" \/>\n\t<meta name=\"twitter:data1\" content=\"1 minuto\" \/>\n<script type=\"application\/ld+json\" class=\"yoast-schema-graph\">{\"@context\":\"https:\\\/\\\/schema.org\",\"@graph\":[{\"@type\":\"WebPage\",\"@id\":\"https:\\\/\\\/alhambramosaic.com\\\/product\\\/tile-kit-coaster-single\\\/\",\"url\":\"https:\\\/\\\/alhambramosaic.com\\\/product\\\/tile-kit-coaster-single\\\/\",\"name\":\"Tile Kit - Coaster (Single) - Alhambra Mosaic Studio\",\"isPartOf\":{\"@id\":\"https:\\\/\\\/alhambramosaic.com\\\/#website\"},\"primaryImageOfPage\":{\"@id\":\"https:\\\/\\\/alhambramosaic.com\\\/product\\\/tile-kit-coaster-single\\\/#primaryimage\"},\"image\":{\"@id\":\"https:\\\/\\\/alhambramosaic.com\\\/product\\\/tile-kit-coaster-single\\\/#primaryimage\"},\"thumbnailUrl\":\"https:\\\/\\\/alhambramosaic.com\\\/wp-content\\\/uploads\\\/2025\\\/12\\\/TileKit-1-Resized-1.jpeg\",\"datePublished\":\"2025-12-05T18:44:41+00:00\",\"dateModified\":\"2026-04-15T18:15:55+00:00\",\"breadcrumb\":{\"@id\":\"https:\\\/\\\/alhambramosaic.com\\\/product\\\/tile-kit-coaster-single\\\/#breadcrumb\"},\"inLanguage\":\"es\",\"potentialAction\":[{\"@type\":\"ReadAction\",\"target\":[\"https:\\\/\\\/alhambramosaic.com\\\/product\\\/tile-kit-coaster-single\\\/\"]}]},{\"@type\":\"ImageObject\",\"inLanguage\":\"es\",\"@id\":\"https:\\\/\\\/alhambramosaic.com\\\/product\\\/tile-kit-coaster-single\\\/#primaryimage\",\"url\":\"https:\\\/\\\/alhambramosaic.com\\\/wp-content\\\/uploads\\\/2025\\\/12\\\/TileKit-1-Resized-1.jpeg\",\"contentUrl\":\"https:\\\/\\\/alhambramosaic.com\\\/wp-content\\\/uploads\\\/2025\\\/12\\\/TileKit-1-Resized-1.jpeg\",\"width\":1200,\"height\":900},{\"@type\":\"BreadcrumbList\",\"@id\":\"https:\\\/\\\/alhambramosaic.com\\\/product\\\/tile-kit-coaster-single\\\/#breadcrumb\",\"itemListElement\":[{\"@type\":\"ListItem\",\"position\":1,\"name\":\"Home\",\"item\":\"https:\\\/\\\/alhambramosaic.com\\\/\"},{\"@type\":\"ListItem\",\"position\":2,\"name\":\"Shop\",\"item\":\"https:\\\/\\\/alhambramosaic.com\\\/shop\\\/\"},{\"@type\":\"ListItem\",\"position\":3,\"name\":\"Tile Kit &#8211; Coaster (Single)\"}]},{\"@type\":\"WebSite\",\"@id\":\"https:\\\/\\\/alhambramosaic.com\\\/#website\",\"url\":\"https:\\\/\\\/alhambramosaic.com\\\/\",\"name\":\"Alhambra Mosaic Studio\",\"description\":\"Make your masterpiece\",\"publisher\":{\"@id\":\"https:\\\/\\\/alhambramosaic.com\\\/#organization\"},\"potentialAction\":[{\"@type\":\"SearchAction\",\"target\":{\"@type\":\"EntryPoint\",\"urlTemplate\":\"https:\\\/\\\/alhambramosaic.com\\\/?s={search_term_string}\"},\"query-input\":{\"@type\":\"PropertyValueSpecification\",\"valueRequired\":true,\"valueName\":\"search_term_string\"}}],\"inLanguage\":\"es\"},{\"@type\":\"Organization\",\"@id\":\"https:\\\/\\\/alhambramosaic.com\\\/#organization\",\"name\":\"Alhambra Mosaic Studio\",\"url\":\"https:\\\/\\\/alhambramosaic.com\\\/\",\"logo\":{\"@type\":\"ImageObject\",\"inLanguage\":\"es\",\"@id\":\"https:\\\/\\\/alhambramosaic.com\\\/#\\\/schema\\\/logo\\\/image\\\/\",\"url\":\"https:\\\/\\\/alhambramosaic.com\\\/wp-content\\\/uploads\\\/2025\\\/01\\\/alhambramosaicstudio.png\",\"contentUrl\":\"https:\\\/\\\/alhambramosaic.com\\\/wp-content\\\/uploads\\\/2025\\\/01\\\/alhambramosaicstudio.png\",\"width\":1000,\"height\":652,\"caption\":\"Alhambra Mosaic Studio\"},\"image\":{\"@id\":\"https:\\\/\\\/alhambramosaic.com\\\/#\\\/schema\\\/logo\\\/image\\\/\"}}]}<\/script>\n<!-- \/ Yoast SEO plugin. -->","yoast_head_json":{"title":"Tile Kit - Coaster (Single) - Alhambra Mosaic Studio","robots":{"index":"index","follow":"follow","max-snippet":"max-snippet:-1","max-image-preview":"max-image-preview:large","max-video-preview":"max-video-preview:-1"},"canonical":"https:\/\/alhambramosaic.com\/es\/producto\/tile-kit-coaster-single\/","og_locale":"es_ES","og_type":"article","og_title":"Tile Kit - Coaster (Single) - Alhambra Mosaic Studio","og_description":"The ancient art of The Alhambra - in your hands.  Tile Kits contain everything you need to make your own geometric mosaics and have a piece of The Alhambra in your home.  This kit includes the tiles and materials to make a mosaic coaster, in the colours of your choice. You can choose the pattern you would like to make from a range of options.  In this kit:   20-30 handcrafted clay tiles ready to paint and assemble  Premium ceramic paints  Wooden coaster base (12x12cm)  Professional adhesive &amp; varnish  Quality paintbrush  Complete 16-page instruction guide  To see what you can make, check out our inspiration gallery!","og_url":"https:\/\/alhambramosaic.com\/es\/producto\/tile-kit-coaster-single\/","og_site_name":"Alhambra Mosaic Studio","article_modified_time":"2026-04-15T18:15:55+00:00","og_image":[{"width":1200,"height":900,"url":"https:\/\/alhambramosaic.com\/wp-content\/uploads\/2025\/12\/TileKit-1-Resized-1.jpeg","type":"image\/jpeg"}],"twitter_card":"summary_large_image","twitter_misc":{"Tiempo de lectura":"1 minuto"},"schema":{"@context":"https:\/\/schema.org","@graph":[{"@type":"WebPage","@id":"https:\/\/alhambramosaic.com\/product\/tile-kit-coaster-single\/","url":"https:\/\/alhambramosaic.com\/product\/tile-kit-coaster-single\/","name":"Tile Kit - Coaster (Single) - Alhambra Mosaic Studio","isPartOf":{"@id":"https:\/\/alhambramosaic.com\/#website"},"primaryImageOfPage":{"@id":"https:\/\/alhambramosaic.com\/product\/tile-kit-coaster-single\/#primaryimage"},"image":{"@id":"https:\/\/alhambramosaic.com\/product\/tile-kit-coaster-single\/#primaryimage"},"thumbnailUrl":"https:\/\/alhambramosaic.com\/wp-content\/uploads\/2025\/12\/TileKit-1-Resized-1.jpeg","datePublished":"2025-12-05T18:44:41+00:00","dateModified":"2026-04-15T18:15:55+00:00","breadcrumb":{"@id":"https:\/\/alhambramosaic.com\/product\/tile-kit-coaster-single\/#breadcrumb"},"inLanguage":"es","potentialAction":[{"@type":"ReadAction","target":["https:\/\/alhambramosaic.com\/product\/tile-kit-coaster-single\/"]}]},{"@type":"ImageObject","inLanguage":"es","@id":"https:\/\/alhambramosaic.com\/product\/tile-kit-coaster-single\/#primaryimage","url":"https:\/\/alhambramosaic.com\/wp-content\/uploads\/2025\/12\/TileKit-1-Resized-1.jpeg","contentUrl":"https:\/\/alhambramosaic.com\/wp-content\/uploads\/2025\/12\/TileKit-1-Resized-1.jpeg","width":1200,"height":900},{"@type":"BreadcrumbList","@id":"https:\/\/alhambramosaic.com\/product\/tile-kit-coaster-single\/#breadcrumb","itemListElement":[{"@type":"ListItem","position":1,"name":"Home","item":"https:\/\/alhambramosaic.com\/"},{"@type":"ListItem","position":2,"name":"Shop","item":"https:\/\/alhambramosaic.com\/shop\/"},{"@type":"ListItem","position":3,"name":"Tile Kit &#8211; Coaster (Single)"}]},{"@type":"WebSite","@id":"https:\/\/alhambramosaic.com\/#website","url":"https:\/\/alhambramosaic.com\/","name":"Alhambra Mosaic Studio","description":"Make your masterpiece","publisher":{"@id":"https:\/\/alhambramosaic.com\/#organization"},"potentialAction":[{"@type":"SearchAction","target":{"@type":"EntryPoint","urlTemplate":"https:\/\/alhambramosaic.com\/?s={search_term_string}"},"query-input":{"@type":"PropertyValueSpecification","valueRequired":true,"valueName":"search_term_string"}}],"inLanguage":"es"},{"@type":"Organization","@id":"https:\/\/alhambramosaic.com\/#organization","name":"Alhambra Mosaic Studio","url":"https:\/\/alhambramosaic.com\/","logo":{"@type":"ImageObject","inLanguage":"es","@id":"https:\/\/alhambramosaic.com\/#\/schema\/logo\/image\/","url":"https:\/\/alhambramosaic.com\/wp-content\/uploads\/2025\/01\/alhambramosaicstudio.png","contentUrl":"https:\/\/alhambramosaic.com\/wp-content\/uploads\/2025\/01\/alhambramosaicstudio.png","width":1000,"height":652,"caption":"Alhambra Mosaic Studio"},"image":{"@id":"https:\/\/alhambramosaic.com\/#\/schema\/logo\/image\/"}}]}},"_links":{"self":[{"href":"https:\/\/alhambramosaic.com\/es\/wp-json\/wp\/v2\/product\/2045","targetHints":{"allow":["GET"]}}],"collection":[{"href":"https:\/\/alhambramosaic.com\/es\/wp-json\/wp\/v2\/product"}],"about":[{"href":"https:\/\/alhambramosaic.com\/es\/wp-json\/wp\/v2\/types\/product"}],"replies":[{"embeddable":true,"href":"https:\/\/alhambramosaic.com\/es\/wp-json\/wp\/v2\/comments?post=2045"}],"wp:featuredmedia":[{"embeddable":true,"href":"https:\/\/alhambramosaic.com\/es\/wp-json\/wp\/v2\/media\/2612"}],"wp:attachment":[{"href":"https:\/\/alhambramosaic.com\/es\/wp-json\/wp\/v2\/media?parent=2045"}],"wp:term":[{"taxonomy":"product_brand","embeddable":true,"href":"https:\/\/alhambramosaic.com\/es\/wp-json\/wp\/v2\/product_brand?post=2045"},{"taxonomy":"product_cat","embeddable":true,"href":"https:\/\/alhambramosaic.com\/es\/wp-json\/wp\/v2\/product_cat?post=2045"},{"taxonomy":"product_tag","embeddable":true,"href":"https:\/\/alhambramosaic.com\/es\/wp-json\/wp\/v2\/product_tag?post=2045"},{"taxonomy":"giftcard-category","embeddable":true,"href":"https:\/\/alhambramosaic.com\/es\/wp-json\/wp\/v2\/giftcard-category?post=2045"}],"curies":[{"name":"wp","href":"https:\/\/api.w.org\/{rel}","templated":true}]}}