{"id":2725,"date":"2026-01-08T12:11:25","date_gmt":"2026-01-08T12:11:25","guid":{"rendered":"https:\/\/alhambramosaic.com\/product\/gift-card\/"},"modified":"2026-03-17T20:51:39","modified_gmt":"2026-03-17T20:51:39","slug":"gift-card","status":"publish","type":"product","link":"https:\/\/alhambramosaic.com\/es\/producto\/gift-card\/","title":{"rendered":"Tarjetas de regalo"},"content":{"rendered":"","protected":false},"excerpt":{"rendered":"<p>\u00a1Regala mosaicos! Nuestras tarjetas de regalo se pueden canjear por cualquier producto de nuestro sitio web, incluidos todos los talleres, kits DIY y muebles.<\/p>\n<p>Cuando compras una tarjeta de regalo, el destinatario recibir\u00e1 un correo electr\u00f3nico con el c\u00f3digo de descuento que podr\u00e1 aplicar al realizar una compra en nuestro sitio web.<\/p>\n<p>Selecciona a continuaci\u00f3n el importe que deseas regalar:<\/p>","protected":false},"featured_media":1389,"comment_status":"open","ping_status":"closed","template":"","meta":{"nf_dc_page":"","ngg_post_thumbnail":0},"product_brand":[],"product_cat":[43],"product_tag":[],"giftcard-category":[],"class_list":{"0":"post-2725","1":"product","2":"type-product","3":"status-publish","4":"has-post-thumbnail","6":"product_cat-gift-cards","8":"first","9":"instock","10":"purchasable","11":"product-type-pw-gift-card"},"yoast_head":"<!-- This site is optimized with the Yoast SEO plugin v27.4 - https:\/\/yoast.com\/product\/yoast-seo-wordpress\/ -->\n<title>Gift Cards - Alhambra Mosaic Studio<\/title>\n<meta name=\"robots\" content=\"index, follow, max-snippet:-1, max-image-preview:large, max-video-preview:-1\" \/>\n<link rel=\"canonical\" href=\"https:\/\/alhambramosaic.com\/es\/producto\/gift-card\/\" \/>\n<meta property=\"og:locale\" content=\"es_ES\" \/>\n<meta property=\"og:type\" content=\"article\" \/>\n<meta property=\"og:title\" content=\"Gift Cards - Alhambra Mosaic Studio\" \/>\n<meta property=\"og:description\" content=\"Give the gift of mosaics! Our gift cards can be redeemed against any product on our website, including all workshops, DIY kits and furniture.  When you buy a gift card, the recipient will receive an email with the discount code that they can apply when making a purchase on our website.  Select the amount you would like to gift below:\" \/>\n<meta property=\"og:url\" content=\"https:\/\/alhambramosaic.com\/es\/producto\/gift-card\/\" \/>\n<meta property=\"og:site_name\" content=\"Alhambra Mosaic Studio\" \/>\n<meta property=\"article:modified_time\" content=\"2026-03-17T20:51:39+00:00\" \/>\n<meta property=\"og:image\" content=\"https:\/\/alhambramosaic.com\/wp-content\/uploads\/2025\/04\/gift-card-30-mockup.jpg\" \/>\n\t<meta property=\"og:image:width\" content=\"880\" \/>\n\t<meta property=\"og:image:height\" content=\"586\" \/>\n\t<meta property=\"og:image:type\" content=\"image\/jpeg\" \/>\n<meta name=\"twitter:card\" content=\"summary_large_image\" \/>\n<meta name=\"twitter:label1\" content=\"Tiempo de lectura\" \/>\n\t<meta name=\"twitter:data1\" content=\"1 minuto\" \/>\n<script type=\"application\/ld+json\" class=\"yoast-schema-graph\">{\"@context\":\"https:\\\/\\\/schema.org\",\"@graph\":[{\"@type\":\"WebPage\",\"@id\":\"https:\\\/\\\/alhambramosaic.com\\\/product\\\/gift-card\\\/\",\"url\":\"https:\\\/\\\/alhambramosaic.com\\\/product\\\/gift-card\\\/\",\"name\":\"Gift Cards - Alhambra Mosaic Studio\",\"isPartOf\":{\"@id\":\"https:\\\/\\\/alhambramosaic.com\\\/#website\"},\"primaryImageOfPage\":{\"@id\":\"https:\\\/\\\/alhambramosaic.com\\\/product\\\/gift-card\\\/#primaryimage\"},\"image\":{\"@id\":\"https:\\\/\\\/alhambramosaic.com\\\/product\\\/gift-card\\\/#primaryimage\"},\"thumbnailUrl\":\"https:\\\/\\\/alhambramosaic.com\\\/wp-content\\\/uploads\\\/2025\\\/04\\\/gift-card-30-mockup.jpg\",\"datePublished\":\"2026-01-08T12:11:25+00:00\",\"dateModified\":\"2026-03-17T20:51:39+00:00\",\"breadcrumb\":{\"@id\":\"https:\\\/\\\/alhambramosaic.com\\\/product\\\/gift-card\\\/#breadcrumb\"},\"inLanguage\":\"es\",\"potentialAction\":[{\"@type\":\"ReadAction\",\"target\":[\"https:\\\/\\\/alhambramosaic.com\\\/product\\\/gift-card\\\/\"]}]},{\"@type\":\"ImageObject\",\"inLanguage\":\"es\",\"@id\":\"https:\\\/\\\/alhambramosaic.com\\\/product\\\/gift-card\\\/#primaryimage\",\"url\":\"https:\\\/\\\/alhambramosaic.com\\\/wp-content\\\/uploads\\\/2025\\\/04\\\/gift-card-30-mockup.jpg\",\"contentUrl\":\"https:\\\/\\\/alhambramosaic.com\\\/wp-content\\\/uploads\\\/2025\\\/04\\\/gift-card-30-mockup.jpg\",\"width\":880,\"height\":586},{\"@type\":\"BreadcrumbList\",\"@id\":\"https:\\\/\\\/alhambramosaic.com\\\/product\\\/gift-card\\\/#breadcrumb\",\"itemListElement\":[{\"@type\":\"ListItem\",\"position\":1,\"name\":\"Home\",\"item\":\"https:\\\/\\\/alhambramosaic.com\\\/\"},{\"@type\":\"ListItem\",\"position\":2,\"name\":\"Shop\",\"item\":\"https:\\\/\\\/alhambramosaic.com\\\/shop\\\/\"},{\"@type\":\"ListItem\",\"position\":3,\"name\":\"Gift Cards\"}]},{\"@type\":\"WebSite\",\"@id\":\"https:\\\/\\\/alhambramosaic.com\\\/#website\",\"url\":\"https:\\\/\\\/alhambramosaic.com\\\/\",\"name\":\"Alhambra Mosaic Studio\",\"description\":\"Make your masterpiece\",\"publisher\":{\"@id\":\"https:\\\/\\\/alhambramosaic.com\\\/#organization\"},\"potentialAction\":[{\"@type\":\"SearchAction\",\"target\":{\"@type\":\"EntryPoint\",\"urlTemplate\":\"https:\\\/\\\/alhambramosaic.com\\\/?s={search_term_string}\"},\"query-input\":{\"@type\":\"PropertyValueSpecification\",\"valueRequired\":true,\"valueName\":\"search_term_string\"}}],\"inLanguage\":\"es\"},{\"@type\":\"Organization\",\"@id\":\"https:\\\/\\\/alhambramosaic.com\\\/#organization\",\"name\":\"Alhambra Mosaic Studio\",\"url\":\"https:\\\/\\\/alhambramosaic.com\\\/\",\"logo\":{\"@type\":\"ImageObject\",\"inLanguage\":\"es\",\"@id\":\"https:\\\/\\\/alhambramosaic.com\\\/#\\\/schema\\\/logo\\\/image\\\/\",\"url\":\"https:\\\/\\\/alhambramosaic.com\\\/wp-content\\\/uploads\\\/2025\\\/01\\\/alhambramosaicstudio.png\",\"contentUrl\":\"https:\\\/\\\/alhambramosaic.com\\\/wp-content\\\/uploads\\\/2025\\\/01\\\/alhambramosaicstudio.png\",\"width\":1000,\"height\":652,\"caption\":\"Alhambra Mosaic Studio\"},\"image\":{\"@id\":\"https:\\\/\\\/alhambramosaic.com\\\/#\\\/schema\\\/logo\\\/image\\\/\"}}]}<\/script>\n<!-- \/ Yoast SEO plugin. -->","yoast_head_json":{"title":"Gift Cards - Alhambra Mosaic Studio","robots":{"index":"index","follow":"follow","max-snippet":"max-snippet:-1","max-image-preview":"max-image-preview:large","max-video-preview":"max-video-preview:-1"},"canonical":"https:\/\/alhambramosaic.com\/es\/producto\/gift-card\/","og_locale":"es_ES","og_type":"article","og_title":"Gift Cards - Alhambra Mosaic Studio","og_description":"Give the gift of mosaics! Our gift cards can be redeemed against any product on our website, including all workshops, DIY kits and furniture.  When you buy a gift card, the recipient will receive an email with the discount code that they can apply when making a purchase on our website.  Select the amount you would like to gift below:","og_url":"https:\/\/alhambramosaic.com\/es\/producto\/gift-card\/","og_site_name":"Alhambra Mosaic Studio","article_modified_time":"2026-03-17T20:51:39+00:00","og_image":[{"width":880,"height":586,"url":"https:\/\/alhambramosaic.com\/wp-content\/uploads\/2025\/04\/gift-card-30-mockup.jpg","type":"image\/jpeg"}],"twitter_card":"summary_large_image","twitter_misc":{"Tiempo de lectura":"1 minuto"},"schema":{"@context":"https:\/\/schema.org","@graph":[{"@type":"WebPage","@id":"https:\/\/alhambramosaic.com\/product\/gift-card\/","url":"https:\/\/alhambramosaic.com\/product\/gift-card\/","name":"Gift Cards - Alhambra Mosaic Studio","isPartOf":{"@id":"https:\/\/alhambramosaic.com\/#website"},"primaryImageOfPage":{"@id":"https:\/\/alhambramosaic.com\/product\/gift-card\/#primaryimage"},"image":{"@id":"https:\/\/alhambramosaic.com\/product\/gift-card\/#primaryimage"},"thumbnailUrl":"https:\/\/alhambramosaic.com\/wp-content\/uploads\/2025\/04\/gift-card-30-mockup.jpg","datePublished":"2026-01-08T12:11:25+00:00","dateModified":"2026-03-17T20:51:39+00:00","breadcrumb":{"@id":"https:\/\/alhambramosaic.com\/product\/gift-card\/#breadcrumb"},"inLanguage":"es","potentialAction":[{"@type":"ReadAction","target":["https:\/\/alhambramosaic.com\/product\/gift-card\/"]}]},{"@type":"ImageObject","inLanguage":"es","@id":"https:\/\/alhambramosaic.com\/product\/gift-card\/#primaryimage","url":"https:\/\/alhambramosaic.com\/wp-content\/uploads\/2025\/04\/gift-card-30-mockup.jpg","contentUrl":"https:\/\/alhambramosaic.com\/wp-content\/uploads\/2025\/04\/gift-card-30-mockup.jpg","width":880,"height":586},{"@type":"BreadcrumbList","@id":"https:\/\/alhambramosaic.com\/product\/gift-card\/#breadcrumb","itemListElement":[{"@type":"ListItem","position":1,"name":"Home","item":"https:\/\/alhambramosaic.com\/"},{"@type":"ListItem","position":2,"name":"Shop","item":"https:\/\/alhambramosaic.com\/shop\/"},{"@type":"ListItem","position":3,"name":"Gift Cards"}]},{"@type":"WebSite","@id":"https:\/\/alhambramosaic.com\/#website","url":"https:\/\/alhambramosaic.com\/","name":"Alhambra Mosaic Studio","description":"Make your masterpiece","publisher":{"@id":"https:\/\/alhambramosaic.com\/#organization"},"potentialAction":[{"@type":"SearchAction","target":{"@type":"EntryPoint","urlTemplate":"https:\/\/alhambramosaic.com\/?s={search_term_string}"},"query-input":{"@type":"PropertyValueSpecification","valueRequired":true,"valueName":"search_term_string"}}],"inLanguage":"es"},{"@type":"Organization","@id":"https:\/\/alhambramosaic.com\/#organization","name":"Alhambra Mosaic Studio","url":"https:\/\/alhambramosaic.com\/","logo":{"@type":"ImageObject","inLanguage":"es","@id":"https:\/\/alhambramosaic.com\/#\/schema\/logo\/image\/","url":"https:\/\/alhambramosaic.com\/wp-content\/uploads\/2025\/01\/alhambramosaicstudio.png","contentUrl":"https:\/\/alhambramosaic.com\/wp-content\/uploads\/2025\/01\/alhambramosaicstudio.png","width":1000,"height":652,"caption":"Alhambra Mosaic Studio"},"image":{"@id":"https:\/\/alhambramosaic.com\/#\/schema\/logo\/image\/"}}]}},"_links":{"self":[{"href":"https:\/\/alhambramosaic.com\/es\/wp-json\/wp\/v2\/product\/2725","targetHints":{"allow":["GET"]}}],"collection":[{"href":"https:\/\/alhambramosaic.com\/es\/wp-json\/wp\/v2\/product"}],"about":[{"href":"https:\/\/alhambramosaic.com\/es\/wp-json\/wp\/v2\/types\/product"}],"replies":[{"embeddable":true,"href":"https:\/\/alhambramosaic.com\/es\/wp-json\/wp\/v2\/comments?post=2725"}],"wp:featuredmedia":[{"embeddable":true,"href":"https:\/\/alhambramosaic.com\/es\/wp-json\/wp\/v2\/media\/1389"}],"wp:attachment":[{"href":"https:\/\/alhambramosaic.com\/es\/wp-json\/wp\/v2\/media?parent=2725"}],"wp:term":[{"taxonomy":"product_brand","embeddable":true,"href":"https:\/\/alhambramosaic.com\/es\/wp-json\/wp\/v2\/product_brand?post=2725"},{"taxonomy":"product_cat","embeddable":true,"href":"https:\/\/alhambramosaic.com\/es\/wp-json\/wp\/v2\/product_cat?post=2725"},{"taxonomy":"product_tag","embeddable":true,"href":"https:\/\/alhambramosaic.com\/es\/wp-json\/wp\/v2\/product_tag?post=2725"},{"taxonomy":"giftcard-category","embeddable":true,"href":"https:\/\/alhambramosaic.com\/es\/wp-json\/wp\/v2\/giftcard-category?post=2725"}],"curies":[{"name":"wp","href":"https:\/\/api.w.org\/{rel}","templated":true}]}}